{"id":3656,"date":"2024-03-05T21:28:26","date_gmt":"2024-03-05T20:28:26","guid":{"rendered":"https:\/\/www.vom-raeuberschlag.de\/wp\/?page_id=3656"},"modified":"2024-03-06T18:48:53","modified_gmt":"2024-03-06T17:48:53","slug":"luna-lovegood-vom-raeuberschlag","status":"publish","type":"page","link":"https:\/\/www.vom-raeuberschlag.de\/wp\/?page_id=3656","title":{"rendered":"Luna Lovegood vom R\u00e4uberschlag"},"content":{"rendered":"\n<figure class=\"is-layout-flex wp-block-gallery-1 wp-block-gallery has-nested-images columns-default is-cropped\">\n<figure class=\"wp-block-image size-large\"><img decoding=\"async\" loading=\"lazy\" width=\"1024\" height=\"270\" data-id=\"3615\"  src=\"https:\/\/www.vom-raeuberschlag.de\/wp\/wp-content\/uploads\/2022\/07\/cropped-DSC_3204_resized_1-1024x270.jpg\" alt=\"\" class=\"wp-image-3615\" srcset=\"https:\/\/www.vom-raeuberschlag.de\/wp\/wp-content\/uploads\/2022\/07\/cropped-DSC_3204_resized_1-1024x270.jpg 1024w, https:\/\/www.vom-raeuberschlag.de\/wp\/wp-content\/uploads\/2022\/07\/cropped-DSC_3204_resized_1-650x171.jpg 650w, https:\/\/www.vom-raeuberschlag.de\/wp\/wp-content\/uploads\/2022\/07\/cropped-DSC_3204_resized_1-768x202.jpg 768w, https:\/\/www.vom-raeuberschlag.de\/wp\/wp-content\/uploads\/2022\/07\/cropped-DSC_3204_resized_1.jpg 1500w\" sizes=\"(max-width: 1024px) 100vw, 1024px\" \/><\/figure>\n\n\n\n<figure class=\"wp-block-image size-large\"><img decoding=\"async\" loading=\"lazy\" width=\"1024\" height=\"681\" data-id=\"3532\"  src=\"https:\/\/www.vom-raeuberschlag.de\/wp\/wp-content\/uploads\/2022\/07\/DSC_3236_resized_1-1024x681.jpg\" alt=\"\" class=\"wp-image-3532\" srcset=\"https:\/\/www.vom-raeuberschlag.de\/wp\/wp-content\/uploads\/2022\/07\/DSC_3236_resized_1-1024x681.jpg 1024w, https:\/\/www.vom-raeuberschlag.de\/wp\/wp-content\/uploads\/2022\/07\/DSC_3236_resized_1-650x433.jpg 650w, https:\/\/www.vom-raeuberschlag.de\/wp\/wp-content\/uploads\/2022\/07\/DSC_3236_resized_1-768x511.jpg 768w, https:\/\/www.vom-raeuberschlag.de\/wp\/wp-content\/uploads\/2022\/07\/DSC_3236_resized_1-451x300.jpg 451w\" sizes=\"(max-width: 1024px) 100vw, 1024px\" \/><\/figure>\n\n\n\n<figure class=\"wp-block-image size-large\"><img decoding=\"async\" loading=\"lazy\" width=\"1024\" height=\"681\" data-id=\"3531\"  src=\"https:\/\/www.vom-raeuberschlag.de\/wp\/wp-content\/uploads\/2022\/07\/DSC_3204_resized_1-1024x681.jpg\" alt=\"\" class=\"wp-image-3531\" srcset=\"https:\/\/www.vom-raeuberschlag.de\/wp\/wp-content\/uploads\/2022\/07\/DSC_3204_resized_1-1024x681.jpg 1024w, https:\/\/www.vom-raeuberschlag.de\/wp\/wp-content\/uploads\/2022\/07\/DSC_3204_resized_1-650x433.jpg 650w, https:\/\/www.vom-raeuberschlag.de\/wp\/wp-content\/uploads\/2022\/07\/DSC_3204_resized_1-768x511.jpg 768w, https:\/\/www.vom-raeuberschlag.de\/wp\/wp-content\/uploads\/2022\/07\/DSC_3204_resized_1-451x300.jpg 451w\" sizes=\"(max-width: 1024px) 100vw, 1024px\" \/><\/figure>\n\n\n\n<figure class=\"wp-block-image size-large\"><img decoding=\"async\" loading=\"lazy\" width=\"1024\" height=\"948\" data-id=\"3667\"  src=\"https:\/\/www.vom-raeuberschlag.de\/wp\/wp-content\/uploads\/2024\/03\/Luna01-1-1024x948.jpg\" alt=\"\" class=\"wp-image-3667\" srcset=\"https:\/\/www.vom-raeuberschlag.de\/wp\/wp-content\/uploads\/2024\/03\/Luna01-1-1024x948.jpg 1024w, https:\/\/www.vom-raeuberschlag.de\/wp\/wp-content\/uploads\/2024\/03\/Luna01-1-540x500.jpg 540w, https:\/\/www.vom-raeuberschlag.de\/wp\/wp-content\/uploads\/2024\/03\/Luna01-1-768x711.jpg 768w, https:\/\/www.vom-raeuberschlag.de\/wp\/wp-content\/uploads\/2024\/03\/Luna01-1.jpg 1512w\" sizes=\"(max-width: 1024px) 100vw, 1024px\" \/><\/figure>\n\n\n\n<figure class=\"wp-block-image size-large\"><img decoding=\"async\" loading=\"lazy\" width=\"1024\" height=\"881\" data-id=\"3668\"  src=\"https:\/\/www.vom-raeuberschlag.de\/wp\/wp-content\/uploads\/2024\/03\/Luna02-1-1024x881.jpg\" alt=\"\" class=\"wp-image-3668\" srcset=\"https:\/\/www.vom-raeuberschlag.de\/wp\/wp-content\/uploads\/2024\/03\/Luna02-1-1024x881.jpg 1024w, https:\/\/www.vom-raeuberschlag.de\/wp\/wp-content\/uploads\/2024\/03\/Luna02-1-581x500.jpg 581w, https:\/\/www.vom-raeuberschlag.de\/wp\/wp-content\/uploads\/2024\/03\/Luna02-1-768x661.jpg 768w, https:\/\/www.vom-raeuberschlag.de\/wp\/wp-content\/uploads\/2024\/03\/Luna02-1-1536x1322.jpg 1536w, https:\/\/www.vom-raeuberschlag.de\/wp\/wp-content\/uploads\/2024\/03\/Luna02-1-2048x1762.jpg 2048w\" sizes=\"(max-width: 1024px) 100vw, 1024px\" \/><\/figure>\n\n\n\n<figure class=\"wp-block-image size-large\"><img decoding=\"async\" loading=\"lazy\" width=\"1024\" height=\"808\" data-id=\"3669\"  src=\"https:\/\/www.vom-raeuberschlag.de\/wp\/wp-content\/uploads\/2024\/03\/Luna03-1-1024x808.jpg\" alt=\"\" class=\"wp-image-3669\" srcset=\"https:\/\/www.vom-raeuberschlag.de\/wp\/wp-content\/uploads\/2024\/03\/Luna03-1-1024x808.jpg 1024w, https:\/\/www.vom-raeuberschlag.de\/wp\/wp-content\/uploads\/2024\/03\/Luna03-1-633x500.jpg 633w, https:\/\/www.vom-raeuberschlag.de\/wp\/wp-content\/uploads\/2024\/03\/Luna03-1-768x606.jpg 768w, https:\/\/www.vom-raeuberschlag.de\/wp\/wp-content\/uploads\/2024\/03\/Luna03-1-1536x1213.jpg 1536w, https:\/\/www.vom-raeuberschlag.de\/wp\/wp-content\/uploads\/2024\/03\/Luna03-1.jpg 1625w\" sizes=\"(max-width: 1024px) 100vw, 1024px\" \/><\/figure>\n\n\n\n<figure class=\"wp-block-image size-large\"><img decoding=\"async\" loading=\"lazy\" width=\"1024\" height=\"885\" data-id=\"3670\"  src=\"https:\/\/www.vom-raeuberschlag.de\/wp\/wp-content\/uploads\/2024\/03\/Luna04-1-1024x885.jpg\" alt=\"\" class=\"wp-image-3670\" srcset=\"https:\/\/www.vom-raeuberschlag.de\/wp\/wp-content\/uploads\/2024\/03\/Luna04-1-1024x885.jpg 1024w, https:\/\/www.vom-raeuberschlag.de\/wp\/wp-content\/uploads\/2024\/03\/Luna04-1-578x500.jpg 578w, https:\/\/www.vom-raeuberschlag.de\/wp\/wp-content\/uploads\/2024\/03\/Luna04-1-768x664.jpg 768w, https:\/\/www.vom-raeuberschlag.de\/wp\/wp-content\/uploads\/2024\/03\/Luna04-1.jpg 1512w\" sizes=\"(max-width: 1024px) 100vw, 1024px\" \/><\/figure>\n\n\n\n<figure class=\"wp-block-image size-large\"><img decoding=\"async\" loading=\"lazy\" width=\"768\" height=\"1024\" data-id=\"3671\"  src=\"https:\/\/www.vom-raeuberschlag.de\/wp\/wp-content\/uploads\/2024\/03\/Luna05-1-768x1024.jpg\" alt=\"\" class=\"wp-image-3671\" srcset=\"https:\/\/www.vom-raeuberschlag.de\/wp\/wp-content\/uploads\/2024\/03\/Luna05-1-768x1024.jpg 768w, https:\/\/www.vom-raeuberschlag.de\/wp\/wp-content\/uploads\/2024\/03\/Luna05-1-375x500.jpg 375w, https:\/\/www.vom-raeuberschlag.de\/wp\/wp-content\/uploads\/2024\/03\/Luna05-1-1152x1536.jpg 1152w, https:\/\/www.vom-raeuberschlag.de\/wp\/wp-content\/uploads\/2024\/03\/Luna05-1.jpg 1512w\" sizes=\"(max-width: 768px) 100vw, 768px\" \/><\/figure>\n\n\n\n<figure class=\"wp-block-image size-large\"><img decoding=\"async\" loading=\"lazy\" width=\"1024\" height=\"736\" data-id=\"3672\"  src=\"https:\/\/www.vom-raeuberschlag.de\/wp\/wp-content\/uploads\/2024\/03\/Luna06-1.jpg\" alt=\"\" class=\"wp-image-3672\" srcset=\"https:\/\/www.vom-raeuberschlag.de\/wp\/wp-content\/uploads\/2024\/03\/Luna06-1.jpg 1024w, https:\/\/www.vom-raeuberschlag.de\/wp\/wp-content\/uploads\/2024\/03\/Luna06-1-650x467.jpg 650w, https:\/\/www.vom-raeuberschlag.de\/wp\/wp-content\/uploads\/2024\/03\/Luna06-1-768x552.jpg 768w\" sizes=\"(max-width: 1024px) 100vw, 1024px\" \/><\/figure>\n<\/figure>\n\n\n\n<p>Unsere Zaubermaus Luna Lovegood war eigentlich gar nicht geplant. Aber oftmals kommt es anders als man Denkt.<\/p>\n\n\n\n<p>Sie ist eine kleine kompakte H\u00fcndin mit viel Temperament, trotzdem ist sie im Haus ruhig und ausgeglichen. Sie ist ein typischer Terrier mit einem gro\u00dfen Herz und viel Verstand.<\/p>\n\n\n\n<p>Sie stammt aus unserer ukrainischen Import-H\u00fcndin Osa Jagduniversal und unserem schwedischen Import-R\u00fcden Radagast Gollum. Luna&#8217;s Gro\u00dfmutter Fiona vom R\u00e4uberschlag war der erste Parson Russell Terrier der den Titel &#8222;Internationaler Arbeits-Champion&#8220; in Deutschland f\u00fchren durfte.<\/p>\n\n\n\n<p>Auch auf Ausstellung haben wir uns nach Corona wieder in Angriff genommen. Und so darf Sie den Titel<\/p>\n\n\n\n<p><strong>Jugend-Champion PRTCD<\/strong> f\u00fchren.<\/p>\n\n\n\n<p>Folgende\u00a0Pr\u00fcfungen haben wir inzwischen\u00a0mit Erfolg ablegen k\u00f6nnen:<br>Wesenstest\u00a0\u00a0\u00a0\u00a0\u00a0\u00a0\u00a0\u00a0\u00a0\u00a0\u00a0\u00a0\u00a0 bestanden<br>Baupr\u00fcfung\u00a0\u00a0\u00a0\u00a0\u00a0\u00a0\u00a0\u00a0\u00a0\u00a0\u00a0 \u00a0DTK bestanden<br>sichtlaut im Zuge einer Junghundpr\u00fcfung  <br><\/p>\n\n\n\n<p class=\"has-text-align-center\">Schulterh\u00f6he 34 cm<br>Brustumfang 40 cm<br>vollzahniges Scherengebiss<br>Formwert: Vorz\u00fcglich<br>PL 0<br>PRA 0<br>LL 0<br>Katarakt 0<br>DNA-Profil<br>DNA-PLL: -\/- (clear durch Eltern)<br>SCA -\/- (clear durch Eltern)<br>LOA -\/- (clear durch Eltern)<br>DM -\/- (clear durch Eltern)<br> <\/p>\n","protected":false},"excerpt":{"rendered":"<p>Unsere Zaubermaus Luna Lovegood war eigentlich gar nicht geplant. Aber oftmals kommt es anders als man Denkt. Sie ist eine kleine kompakte H\u00fcndin mit viel Temperament, trotzdem ist sie im Haus ruhig und ausgeglichen. Sie ist ein typischer Terrier mit <span class=\"excerpt-dots\">&hellip;<\/span> <a class=\"more-link\" href=\"https:\/\/www.vom-raeuberschlag.de\/wp\/?page_id=3656\"><span class=\"more-msg\">Weiterlesen &rarr;<\/span><\/a><\/p>\n","protected":false},"author":2,"featured_media":0,"parent":28,"menu_order":5,"comment_status":"closed","ping_status":"closed","template":"","meta":[],"_links":{"self":[{"href":"https:\/\/www.vom-raeuberschlag.de\/wp\/index.php?rest_route=\/wp\/v2\/pages\/3656"}],"collection":[{"href":"https:\/\/www.vom-raeuberschlag.de\/wp\/index.php?rest_route=\/wp\/v2\/pages"}],"about":[{"href":"https:\/\/www.vom-raeuberschlag.de\/wp\/index.php?rest_route=\/wp\/v2\/types\/page"}],"author":[{"embeddable":true,"href":"https:\/\/www.vom-raeuberschlag.de\/wp\/index.php?rest_route=\/wp\/v2\/users\/2"}],"replies":[{"embeddable":true,"href":"https:\/\/www.vom-raeuberschlag.de\/wp\/index.php?rest_route=%2Fwp%2Fv2%2Fcomments&post=3656"}],"version-history":[{"count":4,"href":"https:\/\/www.vom-raeuberschlag.de\/wp\/index.php?rest_route=\/wp\/v2\/pages\/3656\/revisions"}],"predecessor-version":[{"id":3675,"href":"https:\/\/www.vom-raeuberschlag.de\/wp\/index.php?rest_route=\/wp\/v2\/pages\/3656\/revisions\/3675"}],"up":[{"embeddable":true,"href":"https:\/\/www.vom-raeuberschlag.de\/wp\/index.php?rest_route=\/wp\/v2\/pages\/28"}],"wp:attachment":[{"href":"https:\/\/www.vom-raeuberschlag.de\/wp\/index.php?rest_route=%2Fwp%2Fv2%2Fmedia&parent=3656"}],"curies":[{"name":"wp","href":"https:\/\/api.w.org\/{rel}","templated":true}]}}