{"id":3503,"date":"2022-07-13T10:31:49","date_gmt":"2022-07-13T08:31:49","guid":{"rendered":"http:\/\/www.vom-raeuberschlag.de\/wp\/?page_id=3503"},"modified":"2025-01-06T13:24:09","modified_gmt":"2025-01-06T12:24:09","slug":"xtraordinary-elsa-vom-schlossberg","status":"publish","type":"page","link":"https:\/\/www.vom-raeuberschlag.de\/wp\/?page_id=3503","title":{"rendered":"Xtraordinary Elsa vom Schlo\u00dfberg"},"content":{"rendered":"\n<figure class=\"is-layout-flex wp-block-gallery-1 wp-block-gallery has-nested-images columns-default is-cropped\">\n<figure class=\"wp-block-image size-large\"><img decoding=\"async\" loading=\"lazy\" width=\"1024\" height=\"681\" data-id=\"3504\"  src=\"https:\/\/www.vom-raeuberschlag.de\/wp\/wp-content\/uploads\/2022\/07\/Elsa-01-1024x681.jpg\" alt=\"\" class=\"wp-image-3504\" srcset=\"https:\/\/www.vom-raeuberschlag.de\/wp\/wp-content\/uploads\/2022\/07\/Elsa-01-1024x681.jpg 1024w, https:\/\/www.vom-raeuberschlag.de\/wp\/wp-content\/uploads\/2022\/07\/Elsa-01-650x432.jpg 650w, https:\/\/www.vom-raeuberschlag.de\/wp\/wp-content\/uploads\/2022\/07\/Elsa-01-768x511.jpg 768w, https:\/\/www.vom-raeuberschlag.de\/wp\/wp-content\/uploads\/2022\/07\/Elsa-01-451x300.jpg 451w\" sizes=\"(max-width: 1024px) 100vw, 1024px\" \/><\/figure>\n\n\n\n<figure class=\"wp-block-image size-large\"><img decoding=\"async\" loading=\"lazy\" width=\"1024\" height=\"681\" data-id=\"3505\"  src=\"https:\/\/www.vom-raeuberschlag.de\/wp\/wp-content\/uploads\/2022\/07\/Elsa-02-1024x681.jpg\" alt=\"\" class=\"wp-image-3505\" srcset=\"https:\/\/www.vom-raeuberschlag.de\/wp\/wp-content\/uploads\/2022\/07\/Elsa-02-1024x681.jpg 1024w, https:\/\/www.vom-raeuberschlag.de\/wp\/wp-content\/uploads\/2022\/07\/Elsa-02-650x432.jpg 650w, https:\/\/www.vom-raeuberschlag.de\/wp\/wp-content\/uploads\/2022\/07\/Elsa-02-768x511.jpg 768w, https:\/\/www.vom-raeuberschlag.de\/wp\/wp-content\/uploads\/2022\/07\/Elsa-02-451x300.jpg 451w\" sizes=\"(max-width: 1024px) 100vw, 1024px\" \/><\/figure>\n\n\n\n<figure class=\"wp-block-image size-large\"><img decoding=\"async\" loading=\"lazy\" width=\"1024\" height=\"681\" data-id=\"3506\"  src=\"https:\/\/www.vom-raeuberschlag.de\/wp\/wp-content\/uploads\/2022\/07\/Elsa-03-1024x681.jpg\" alt=\"\" class=\"wp-image-3506\" srcset=\"https:\/\/www.vom-raeuberschlag.de\/wp\/wp-content\/uploads\/2022\/07\/Elsa-03-1024x681.jpg 1024w, https:\/\/www.vom-raeuberschlag.de\/wp\/wp-content\/uploads\/2022\/07\/Elsa-03-650x433.jpg 650w, https:\/\/www.vom-raeuberschlag.de\/wp\/wp-content\/uploads\/2022\/07\/Elsa-03-768x511.jpg 768w, https:\/\/www.vom-raeuberschlag.de\/wp\/wp-content\/uploads\/2022\/07\/Elsa-03-451x300.jpg 451w\" sizes=\"(max-width: 1024px) 100vw, 1024px\" \/><\/figure>\n\n\n\n<figure class=\"wp-block-image size-large\"><img decoding=\"async\" loading=\"lazy\" width=\"1024\" height=\"681\" data-id=\"3507\"  src=\"https:\/\/www.vom-raeuberschlag.de\/wp\/wp-content\/uploads\/2022\/07\/Elsa-04-1024x681.jpg\" alt=\"\" class=\"wp-image-3507\" srcset=\"https:\/\/www.vom-raeuberschlag.de\/wp\/wp-content\/uploads\/2022\/07\/Elsa-04-1024x681.jpg 1024w, https:\/\/www.vom-raeuberschlag.de\/wp\/wp-content\/uploads\/2022\/07\/Elsa-04-650x432.jpg 650w, https:\/\/www.vom-raeuberschlag.de\/wp\/wp-content\/uploads\/2022\/07\/Elsa-04-768x511.jpg 768w, https:\/\/www.vom-raeuberschlag.de\/wp\/wp-content\/uploads\/2022\/07\/Elsa-04-451x300.jpg 451w\" sizes=\"(max-width: 1024px) 100vw, 1024px\" \/><\/figure>\n\n\n\n<figure class=\"wp-block-image size-large\"><img decoding=\"async\" loading=\"lazy\" width=\"1024\" height=\"681\" data-id=\"3508\"  src=\"https:\/\/www.vom-raeuberschlag.de\/wp\/wp-content\/uploads\/2022\/07\/Elsa-05-1024x681.jpg\" alt=\"\" class=\"wp-image-3508\" srcset=\"https:\/\/www.vom-raeuberschlag.de\/wp\/wp-content\/uploads\/2022\/07\/Elsa-05-1024x681.jpg 1024w, https:\/\/www.vom-raeuberschlag.de\/wp\/wp-content\/uploads\/2022\/07\/Elsa-05-650x432.jpg 650w, https:\/\/www.vom-raeuberschlag.de\/wp\/wp-content\/uploads\/2022\/07\/Elsa-05-768x511.jpg 768w, https:\/\/www.vom-raeuberschlag.de\/wp\/wp-content\/uploads\/2022\/07\/Elsa-05-451x300.jpg 451w\" sizes=\"(max-width: 1024px) 100vw, 1024px\" \/><\/figure>\n\n\n\n<figure class=\"wp-block-image size-large\"><img decoding=\"async\" loading=\"lazy\" width=\"1024\" height=\"681\" data-id=\"3509\"  src=\"https:\/\/www.vom-raeuberschlag.de\/wp\/wp-content\/uploads\/2022\/07\/Elsa-06-1024x681.jpg\" alt=\"\" class=\"wp-image-3509\" srcset=\"https:\/\/www.vom-raeuberschlag.de\/wp\/wp-content\/uploads\/2022\/07\/Elsa-06-1024x681.jpg 1024w, https:\/\/www.vom-raeuberschlag.de\/wp\/wp-content\/uploads\/2022\/07\/Elsa-06-650x432.jpg 650w, https:\/\/www.vom-raeuberschlag.de\/wp\/wp-content\/uploads\/2022\/07\/Elsa-06-768x511.jpg 768w, https:\/\/www.vom-raeuberschlag.de\/wp\/wp-content\/uploads\/2022\/07\/Elsa-06-451x300.jpg 451w\" sizes=\"(max-width: 1024px) 100vw, 1024px\" \/><\/figure>\n\n\n\n<figure class=\"wp-block-image size-large\"><img decoding=\"async\" loading=\"lazy\" width=\"1024\" height=\"681\" data-id=\"3510\"  src=\"https:\/\/www.vom-raeuberschlag.de\/wp\/wp-content\/uploads\/2022\/07\/Elsa-07-1024x681.jpg\" alt=\"\" class=\"wp-image-3510\" srcset=\"https:\/\/www.vom-raeuberschlag.de\/wp\/wp-content\/uploads\/2022\/07\/Elsa-07-1024x681.jpg 1024w, https:\/\/www.vom-raeuberschlag.de\/wp\/wp-content\/uploads\/2022\/07\/Elsa-07-650x432.jpg 650w, https:\/\/www.vom-raeuberschlag.de\/wp\/wp-content\/uploads\/2022\/07\/Elsa-07-768x511.jpg 768w, https:\/\/www.vom-raeuberschlag.de\/wp\/wp-content\/uploads\/2022\/07\/Elsa-07-451x300.jpg 451w\" sizes=\"(max-width: 1024px) 100vw, 1024px\" \/><\/figure>\n\n\n\n<figure class=\"wp-block-image size-large\"><img decoding=\"async\" loading=\"lazy\" width=\"1024\" height=\"681\" data-id=\"3511\"  src=\"https:\/\/www.vom-raeuberschlag.de\/wp\/wp-content\/uploads\/2022\/07\/Elsa-08-1024x681.jpg\" alt=\"\" class=\"wp-image-3511\" srcset=\"https:\/\/www.vom-raeuberschlag.de\/wp\/wp-content\/uploads\/2022\/07\/Elsa-08-1024x681.jpg 1024w, https:\/\/www.vom-raeuberschlag.de\/wp\/wp-content\/uploads\/2022\/07\/Elsa-08-650x432.jpg 650w, https:\/\/www.vom-raeuberschlag.de\/wp\/wp-content\/uploads\/2022\/07\/Elsa-08-768x511.jpg 768w, https:\/\/www.vom-raeuberschlag.de\/wp\/wp-content\/uploads\/2022\/07\/Elsa-08-451x300.jpg 451w\" sizes=\"(max-width: 1024px) 100vw, 1024px\" \/><\/figure>\n\n\n\n<figure class=\"wp-block-image size-large\"><img decoding=\"async\" loading=\"lazy\" width=\"1024\" height=\"430\" data-id=\"3517\"  src=\"https:\/\/www.vom-raeuberschlag.de\/wp\/wp-content\/uploads\/2022\/07\/cropped-Elsa-06-1024x430.jpg\" alt=\"\" class=\"wp-image-3517\" srcset=\"https:\/\/www.vom-raeuberschlag.de\/wp\/wp-content\/uploads\/2022\/07\/cropped-Elsa-06-1024x430.jpg 1024w, https:\/\/www.vom-raeuberschlag.de\/wp\/wp-content\/uploads\/2022\/07\/cropped-Elsa-06-650x273.jpg 650w, https:\/\/www.vom-raeuberschlag.de\/wp\/wp-content\/uploads\/2022\/07\/cropped-Elsa-06-768x323.jpg 768w, https:\/\/www.vom-raeuberschlag.de\/wp\/wp-content\/uploads\/2022\/07\/cropped-Elsa-06-500x210.jpg 500w, https:\/\/www.vom-raeuberschlag.de\/wp\/wp-content\/uploads\/2022\/07\/cropped-Elsa-06.jpg 1500w\" sizes=\"(max-width: 1024px) 100vw, 1024px\" \/><\/figure>\n\n\n\n<figure class=\"wp-block-image size-large\"><img decoding=\"async\" loading=\"lazy\" width=\"1024\" height=\"254\" data-id=\"3519\"  src=\"https:\/\/www.vom-raeuberschlag.de\/wp\/wp-content\/uploads\/2022\/07\/cropped-Elsa-02-1024x254.jpg\" alt=\"\" class=\"wp-image-3519\" srcset=\"https:\/\/www.vom-raeuberschlag.de\/wp\/wp-content\/uploads\/2022\/07\/cropped-Elsa-02-1024x254.jpg 1024w, https:\/\/www.vom-raeuberschlag.de\/wp\/wp-content\/uploads\/2022\/07\/cropped-Elsa-02-650x161.jpg 650w, https:\/\/www.vom-raeuberschlag.de\/wp\/wp-content\/uploads\/2022\/07\/cropped-Elsa-02-768x190.jpg 768w, https:\/\/www.vom-raeuberschlag.de\/wp\/wp-content\/uploads\/2022\/07\/cropped-Elsa-02-500x124.jpg 500w, https:\/\/www.vom-raeuberschlag.de\/wp\/wp-content\/uploads\/2022\/07\/cropped-Elsa-02.jpg 1500w\" sizes=\"(max-width: 1024px) 100vw, 1024px\" \/><\/figure>\n\n\n\n<figure class=\"wp-block-image size-large\"><img decoding=\"async\" loading=\"lazy\" width=\"1024\" height=\"342\" data-id=\"3614\"  src=\"https:\/\/www.vom-raeuberschlag.de\/wp\/wp-content\/uploads\/2022\/07\/cropped-cropped-Elsa-01-1024x342.jpg\" alt=\"\" class=\"wp-image-3614\" srcset=\"https:\/\/www.vom-raeuberschlag.de\/wp\/wp-content\/uploads\/2022\/07\/cropped-cropped-Elsa-01-1024x342.jpg 1024w, https:\/\/www.vom-raeuberschlag.de\/wp\/wp-content\/uploads\/2022\/07\/cropped-cropped-Elsa-01-650x217.jpg 650w, https:\/\/www.vom-raeuberschlag.de\/wp\/wp-content\/uploads\/2022\/07\/cropped-cropped-Elsa-01-768x257.jpg 768w, https:\/\/www.vom-raeuberschlag.de\/wp\/wp-content\/uploads\/2022\/07\/cropped-cropped-Elsa-01.jpg 1500w\" sizes=\"(max-width: 1024px) 100vw, 1024px\" \/><\/figure>\n\n\n\n<figure class=\"wp-block-image size-large\"><img decoding=\"async\" loading=\"lazy\" width=\"1024\" height=\"683\" data-id=\"3730\"  src=\"https:\/\/www.vom-raeuberschlag.de\/wp\/wp-content\/uploads\/2024\/11\/DSC_0352-1024x683.jpg\" alt=\"\" class=\"wp-image-3730\" srcset=\"https:\/\/www.vom-raeuberschlag.de\/wp\/wp-content\/uploads\/2024\/11\/DSC_0352-1024x683.jpg 1024w, https:\/\/www.vom-raeuberschlag.de\/wp\/wp-content\/uploads\/2024\/11\/DSC_0352-650x433.jpg 650w, https:\/\/www.vom-raeuberschlag.de\/wp\/wp-content\/uploads\/2024\/11\/DSC_0352-768x512.jpg 768w, https:\/\/www.vom-raeuberschlag.de\/wp\/wp-content\/uploads\/2024\/11\/DSC_0352-1536x1024.jpg 1536w\" sizes=\"(max-width: 1024px) 100vw, 1024px\" \/><\/figure>\n\n\n\n<figure class=\"wp-block-image size-large\"><img decoding=\"async\" loading=\"lazy\" width=\"1024\" height=\"683\" data-id=\"3732\"  src=\"https:\/\/www.vom-raeuberschlag.de\/wp\/wp-content\/uploads\/2024\/11\/DSC_1066-1024x683.jpg\" alt=\"\" class=\"wp-image-3732\" srcset=\"https:\/\/www.vom-raeuberschlag.de\/wp\/wp-content\/uploads\/2024\/11\/DSC_1066-1024x683.jpg 1024w, https:\/\/www.vom-raeuberschlag.de\/wp\/wp-content\/uploads\/2024\/11\/DSC_1066-650x433.jpg 650w, https:\/\/www.vom-raeuberschlag.de\/wp\/wp-content\/uploads\/2024\/11\/DSC_1066-768x512.jpg 768w, https:\/\/www.vom-raeuberschlag.de\/wp\/wp-content\/uploads\/2024\/11\/DSC_1066-1536x1024.jpg 1536w\" sizes=\"(max-width: 1024px) 100vw, 1024px\" \/><\/figure>\n\n\n\n<figure class=\"wp-block-image size-large\"><img decoding=\"async\" loading=\"lazy\" width=\"1024\" height=\"683\" data-id=\"3733\"  src=\"https:\/\/www.vom-raeuberschlag.de\/wp\/wp-content\/uploads\/2024\/11\/DSC_1803test-1024x683.jpg\" alt=\"\" class=\"wp-image-3733\" srcset=\"https:\/\/www.vom-raeuberschlag.de\/wp\/wp-content\/uploads\/2024\/11\/DSC_1803test-1024x683.jpg 1024w, https:\/\/www.vom-raeuberschlag.de\/wp\/wp-content\/uploads\/2024\/11\/DSC_1803test-650x433.jpg 650w, https:\/\/www.vom-raeuberschlag.de\/wp\/wp-content\/uploads\/2024\/11\/DSC_1803test-768x512.jpg 768w, https:\/\/www.vom-raeuberschlag.de\/wp\/wp-content\/uploads\/2024\/11\/DSC_1803test-1536x1024.jpg 1536w, https:\/\/www.vom-raeuberschlag.de\/wp\/wp-content\/uploads\/2024\/11\/DSC_1803test-2048x1365.jpg 2048w\" sizes=\"(max-width: 1024px) 100vw, 1024px\" \/><\/figure>\n<\/figure>\n\n\n\n<p>Den Traum von einem Englisch Cocker Spaniel erf\u00fcllten wir uns im Jahr 2022 und so zog nach langer \u00dcberlegung und Wartezeit Elsa bei uns ein. Elsa ist ein richtiger kleiner Wirbelwind, der die Terrier-Meute so richtig durcheinander bringen kann. Sie versteht sich mit ihrem Dickkopf durchzusetzen, hat aber trotz alledem den n\u00f6tigen Respekt. So ist die kleine Zaubermaus bei all unseren Vierbeinern beliebt.<\/p>\n\n\n\n<p>Cockertypisch liebt sie es sich so richtig nass und dreckig zu machen. Kein Gras ist zu hoch, keine Dickung zu dicht und an keiner Pf\u00fctze ohne Matsch geht sie vorbei. Cocker halt&#8230;..<\/p>\n\n\n\n<p>Elsa ist inzwischen auf Treib- und Dr\u00fcckjagden ein zuverl\u00e4ssiger Sucher und Finder geworden. Sie arbeitet dort sehr sicher spur- bzw. f\u00e4hrtenlaut und kommt nach kurzer Zeit sicher zur\u00fcck.<\/p>\n\n\n\n<p>Elsa wird uns auch in Zukunft zusammen mit unseren Terriern auf der Jagd unterst\u00fctzen. Weiter freuen wir uns schon auf die Vorbereitung zu weiteren Pr\u00fcfungen mit dem kleinen Trotzkopf.<\/p>\n\n\n\n<p>Elsa konnte inzwischen folgende Pr\u00fcfungen erfolgreich absolvieren:<\/p>\n\n\n\n<p>Jugend-Zuchtpr\u00fcfung  3. Preis  spurlaut<br>Verbandsst\u00f6berpr\u00fcfung 54 B spur- und f\u00e4hrtenlaut<\/p>\n\n\n\n<p>Auch hat Elsa an der Zuchtzulassungspr\u00fcfung mit Verhaltens\u00fcberpr\u00fcfung erfolgreich teilgenommen.<\/p>\n\n\n\n<p class=\"has-text-align-center\">Die gesundheitlichen Aspekte hat unsere Elsa ebenfalls erf\u00fcllt.<\/p>\n\n\n\n<p class=\"has-text-align-center\">vollzahniges Scherengebiss<br>Gr\u00f6\u00dfe 39,5 cm<br>H\u00fcftdysplasie (HD)  A2<br>DOK-Augenuntersuchung 12\/24<br>PRA   N\/PRA<br>FN   frei durch Eltern<br>AON   frei durch Eltern<\/p>\n\n\n\n<figure class=\"wp-block-image\"><img alt=\"\"\/><\/figure>\n","protected":false},"excerpt":{"rendered":"<p>Den Traum von einem Englisch Cocker Spaniel erf\u00fcllten wir uns im Jahr 2022 und so zog nach langer \u00dcberlegung und Wartezeit Elsa bei uns ein. Elsa ist ein richtiger kleiner Wirbelwind, der die Terrier-Meute so richtig durcheinander bringen kann. Sie <span class=\"excerpt-dots\">&hellip;<\/span> <a class=\"more-link\" href=\"https:\/\/www.vom-raeuberschlag.de\/wp\/?page_id=3503\"><span class=\"more-msg\">Weiterlesen &rarr;<\/span><\/a><\/p>\n","protected":false},"author":2,"featured_media":0,"parent":3498,"menu_order":0,"comment_status":"closed","ping_status":"closed","template":"","meta":[],"_links":{"self":[{"href":"https:\/\/www.vom-raeuberschlag.de\/wp\/index.php?rest_route=\/wp\/v2\/pages\/3503"}],"collection":[{"href":"https:\/\/www.vom-raeuberschlag.de\/wp\/index.php?rest_route=\/wp\/v2\/pages"}],"about":[{"href":"https:\/\/www.vom-raeuberschlag.de\/wp\/index.php?rest_route=\/wp\/v2\/types\/page"}],"author":[{"embeddable":true,"href":"https:\/\/www.vom-raeuberschlag.de\/wp\/index.php?rest_route=\/wp\/v2\/users\/2"}],"replies":[{"embeddable":true,"href":"https:\/\/www.vom-raeuberschlag.de\/wp\/index.php?rest_route=%2Fwp%2Fv2%2Fcomments&post=3503"}],"version-history":[{"count":8,"href":"https:\/\/www.vom-raeuberschlag.de\/wp\/index.php?rest_route=\/wp\/v2\/pages\/3503\/revisions"}],"predecessor-version":[{"id":3769,"href":"https:\/\/www.vom-raeuberschlag.de\/wp\/index.php?rest_route=\/wp\/v2\/pages\/3503\/revisions\/3769"}],"up":[{"embeddable":true,"href":"https:\/\/www.vom-raeuberschlag.de\/wp\/index.php?rest_route=\/wp\/v2\/pages\/3498"}],"wp:attachment":[{"href":"https:\/\/www.vom-raeuberschlag.de\/wp\/index.php?rest_route=%2Fwp%2Fv2%2Fmedia&parent=3503"}],"curies":[{"name":"wp","href":"https:\/\/api.w.org\/{rel}","templated":true}]}}