{"id":3424,"date":"2021-12-12T08:48:08","date_gmt":"2021-12-12T07:48:08","guid":{"rendered":"http:\/\/www.vom-raeuberschlag.de\/wp\/?page_id=3424"},"modified":"2022-01-05T16:59:04","modified_gmt":"2022-01-05T15:59:04","slug":"bones-from-the-wild-robbers","status":"publish","type":"page","link":"https:\/\/www.vom-raeuberschlag.de\/wp\/?page_id=3424","title":{"rendered":"Bones from the wild robber&#8217;s"},"content":{"rendered":"\n<figure class=\"wp-block-image\"><img decoding=\"async\" loading=\"lazy\" width=\"1024\" height=\"722\" src=\"https:\/\/www.vom-raeuberschlag.de\/wp\/wp-content\/uploads\/2021\/12\/Pedigree-Bones-1024x722.jpg\" alt=\"\" class=\"wp-image-3434\" srcset=\"https:\/\/www.vom-raeuberschlag.de\/wp\/wp-content\/uploads\/2021\/12\/Pedigree-Bones-1024x722.jpg 1024w, https:\/\/www.vom-raeuberschlag.de\/wp\/wp-content\/uploads\/2021\/12\/Pedigree-Bones-650x458.jpg 650w, https:\/\/www.vom-raeuberschlag.de\/wp\/wp-content\/uploads\/2021\/12\/Pedigree-Bones-768x541.jpg 768w, https:\/\/www.vom-raeuberschlag.de\/wp\/wp-content\/uploads\/2021\/12\/Pedigree-Bones-426x300.jpg 426w\" sizes=\"(max-width: 1024px) 100vw, 1024px\" \/><\/figure>\n\n\n\n<ul class=\"is-layout-flex wp-block-gallery-1 wp-block-gallery columns-2 is-cropped\"><li class=\"blocks-gallery-item\"><figure><img decoding=\"async\" loading=\"lazy\" width=\"327\" height=\"448\" src=\"https:\/\/www.vom-raeuberschlag.de\/wp\/wp-content\/uploads\/2021\/12\/Bones01.jpg\" alt=\"\" data-id=\"3426\" data-link=\"https:\/\/www.vom-raeuberschlag.de\/wp\/?attachment_id=3426\" class=\"wp-image-3426\" srcset=\"https:\/\/www.vom-raeuberschlag.de\/wp\/wp-content\/uploads\/2021\/12\/Bones01.jpg 327w, https:\/\/www.vom-raeuberschlag.de\/wp\/wp-content\/uploads\/2021\/12\/Bones01-219x300.jpg 219w\" sizes=\"(max-width: 327px) 100vw, 327px\" \/><\/figure><\/li><li class=\"blocks-gallery-item\"><figure><img decoding=\"async\" loading=\"lazy\" width=\"283\" height=\"448\" src=\"https:\/\/www.vom-raeuberschlag.de\/wp\/wp-content\/uploads\/2021\/12\/Bones03.jpg\" alt=\"\" data-id=\"3428\" data-link=\"https:\/\/www.vom-raeuberschlag.de\/wp\/?attachment_id=3428\" class=\"wp-image-3428\" srcset=\"https:\/\/www.vom-raeuberschlag.de\/wp\/wp-content\/uploads\/2021\/12\/Bones03.jpg 283w, https:\/\/www.vom-raeuberschlag.de\/wp\/wp-content\/uploads\/2021\/12\/Bones03-190x300.jpg 190w\" sizes=\"(max-width: 283px) 100vw, 283px\" \/><\/figure><\/li><\/ul>\n\n\n\n<div class=\"wp-block-image\"><figure class=\"aligncenter\"><img decoding=\"async\" loading=\"lazy\" width=\"429\" height=\"336\" src=\"https:\/\/www.vom-raeuberschlag.de\/wp\/wp-content\/uploads\/2021\/12\/Bones02-2.jpg\" alt=\"\" class=\"wp-image-3432\" srcset=\"https:\/\/www.vom-raeuberschlag.de\/wp\/wp-content\/uploads\/2021\/12\/Bones02-2.jpg 429w, https:\/\/www.vom-raeuberschlag.de\/wp\/wp-content\/uploads\/2021\/12\/Bones02-2-383x300.jpg 383w\" sizes=\"(max-width: 429px) 100vw, 429px\" \/><\/figure><\/div>\n\n\n\n<p><\/p>\n\n\n\n<p>Bones ist eine Nachzucht von Oda-Mae Jagduniversal und Chief Churby Anything Goes aus dem Zwinger &#8222;from the wild robber&#8217;s&#8220; von meinem Vater.<\/p>\n\n\n\n<p>Er ist ein kleiner und kompakter Arbeitsterrier, der durch seine sehr quirlige, aber immer freundliche Art \u00fcberall auff\u00e4llt.<\/p>\n\n\n\n<p style=\"text-align:center\">Bones konnte auch auf Ausstellung \u00fcberzeugen und konnten die erforderlichen Anwartschaften und somit die Titel<br><strong>Jugend-Champion PRTCD<\/strong><br>und<strong><br>Jugend-Champion VDH<\/strong><br>bis jetzt erreichen.<br><\/p>\n\n\n\n<p>Bones wurde von uns bis jetzt auf folgende Pr\u00fcfungen vorgestellt:<br>Wesenstest<br>Baupr\u00fcfung (DTK)    bestanden<\/p>\n\n\n\n<p style=\"text-align:center\">Schulterh\u00f6he 35 cm<br>Brustumfang 41 cm<br>Formwert: vorz\u00fcglich<br>vollzahnige Schere<br>Patella ohne Befund<br>Augenuntersuchung 10\/21 ohne Befund<br>Audiometrie ohne Befund<br>DNA getestet<br>PLL -\/- (durch Abstammung)<br>SCA -\/- (durch Abstammung)<br>LOA -\/- (durch Abstammung)<br>DM -\/- (durch Abstammung)<br>JBD -\/- (durch Abstammung)<\/p>\n\n\n\n<p>F\u00fcr geeignete H\u00fcndinnen steht er als Deckr\u00fcde zur Verf\u00fcgung. Bei Interesse nehmen Sie bitte <strong>rechtzeitig<\/strong> Kontakt mit uns auf.<\/p>\n","protected":false},"excerpt":{"rendered":"<p>Bones ist eine Nachzucht von Oda-Mae Jagduniversal und Chief Churby Anything Goes aus dem Zwinger &#8222;from the wild robber&#8217;s&#8220; von meinem Vater. Er ist ein kleiner und kompakter Arbeitsterrier, der durch seine sehr quirlige, aber immer freundliche Art \u00fcberall auff\u00e4llt. <span class=\"excerpt-dots\">&hellip;<\/span> <a class=\"more-link\" href=\"https:\/\/www.vom-raeuberschlag.de\/wp\/?page_id=3424\"><span class=\"more-msg\">Weiterlesen &rarr;<\/span><\/a><\/p>\n","protected":false},"author":2,"featured_media":0,"parent":93,"menu_order":2,"comment_status":"closed","ping_status":"closed","template":"","meta":[],"_links":{"self":[{"href":"https:\/\/www.vom-raeuberschlag.de\/wp\/index.php?rest_route=\/wp\/v2\/pages\/3424"}],"collection":[{"href":"https:\/\/www.vom-raeuberschlag.de\/wp\/index.php?rest_route=\/wp\/v2\/pages"}],"about":[{"href":"https:\/\/www.vom-raeuberschlag.de\/wp\/index.php?rest_route=\/wp\/v2\/types\/page"}],"author":[{"embeddable":true,"href":"https:\/\/www.vom-raeuberschlag.de\/wp\/index.php?rest_route=\/wp\/v2\/users\/2"}],"replies":[{"embeddable":true,"href":"https:\/\/www.vom-raeuberschlag.de\/wp\/index.php?rest_route=%2Fwp%2Fv2%2Fcomments&post=3424"}],"version-history":[{"count":6,"href":"https:\/\/www.vom-raeuberschlag.de\/wp\/index.php?rest_route=\/wp\/v2\/pages\/3424\/revisions"}],"predecessor-version":[{"id":3454,"href":"https:\/\/www.vom-raeuberschlag.de\/wp\/index.php?rest_route=\/wp\/v2\/pages\/3424\/revisions\/3454"}],"up":[{"embeddable":true,"href":"https:\/\/www.vom-raeuberschlag.de\/wp\/index.php?rest_route=\/wp\/v2\/pages\/93"}],"wp:attachment":[{"href":"https:\/\/www.vom-raeuberschlag.de\/wp\/index.php?rest_route=%2Fwp%2Fv2%2Fmedia&parent=3424"}],"curies":[{"name":"wp","href":"https:\/\/api.w.org\/{rel}","templated":true}]}}