{"id":2950,"date":"2020-01-22T20:56:52","date_gmt":"2020-01-22T19:56:52","guid":{"rendered":"http:\/\/www.vom-raeuberschlag.de\/wp\/?page_id=2950"},"modified":"2020-01-22T21:07:50","modified_gmt":"2020-01-22T20:07:50","slug":"beetee-vom-raeuberschlag","status":"publish","type":"page","link":"https:\/\/www.vom-raeuberschlag.de\/wp\/?page_id=2950","title":{"rendered":"Beetee vom R\u00e4uberschlag"},"content":{"rendered":"\n<figure class=\"wp-block-image is-resized\"><img decoding=\"async\" loading=\"lazy\" src=\"https:\/\/www.vom-raeuberschlag.de\/wp\/wp-content\/uploads\/2020\/01\/Ahnentafel-1-1-1024x614.jpg\" alt=\"\" class=\"wp-image-2964\" width=\"691\" height=\"414\" srcset=\"https:\/\/www.vom-raeuberschlag.de\/wp\/wp-content\/uploads\/2020\/01\/Ahnentafel-1-1-1024x614.jpg 1024w, https:\/\/www.vom-raeuberschlag.de\/wp\/wp-content\/uploads\/2020\/01\/Ahnentafel-1-1-650x390.jpg 650w, https:\/\/www.vom-raeuberschlag.de\/wp\/wp-content\/uploads\/2020\/01\/Ahnentafel-1-1-768x461.jpg 768w, https:\/\/www.vom-raeuberschlag.de\/wp\/wp-content\/uploads\/2020\/01\/Ahnentafel-1-1-500x300.jpg 500w\" sizes=\"(max-width: 691px) 100vw, 691px\" \/><\/figure>\n\n\n\n<ul class=\"is-layout-flex wp-block-gallery-1 wp-block-gallery columns-3 is-cropped\"><li class=\"blocks-gallery-item\"><figure><img decoding=\"async\" loading=\"lazy\" width=\"336\" height=\"431\" src=\"https:\/\/www.vom-raeuberschlag.de\/wp\/wp-content\/uploads\/2020\/01\/Beetee-02.jpg\" alt=\"\" data-id=\"2953\" data-link=\"https:\/\/www.vom-raeuberschlag.de\/wp\/?attachment_id=2953\" class=\"wp-image-2953\" srcset=\"https:\/\/www.vom-raeuberschlag.de\/wp\/wp-content\/uploads\/2020\/01\/Beetee-02.jpg 336w, https:\/\/www.vom-raeuberschlag.de\/wp\/wp-content\/uploads\/2020\/01\/Beetee-02-234x300.jpg 234w\" sizes=\"(max-width: 336px) 100vw, 336px\" \/><\/figure><\/li><li class=\"blocks-gallery-item\"><figure><img decoding=\"async\" loading=\"lazy\" width=\"448\" height=\"269\" src=\"https:\/\/www.vom-raeuberschlag.de\/wp\/wp-content\/uploads\/2020\/01\/Beetee-04.jpg\" alt=\"\" data-id=\"2955\" data-link=\"https:\/\/www.vom-raeuberschlag.de\/wp\/?attachment_id=2955\" class=\"wp-image-2955\"\/><\/figure><\/li><li class=\"blocks-gallery-item\"><figure><img decoding=\"async\" loading=\"lazy\" width=\"448\" height=\"318\" src=\"https:\/\/www.vom-raeuberschlag.de\/wp\/wp-content\/uploads\/2020\/01\/Beetee-05.jpg\" alt=\"\" data-id=\"2956\" data-link=\"https:\/\/www.vom-raeuberschlag.de\/wp\/?attachment_id=2956\" class=\"wp-image-2956\" srcset=\"https:\/\/www.vom-raeuberschlag.de\/wp\/wp-content\/uploads\/2020\/01\/Beetee-05.jpg 448w, https:\/\/www.vom-raeuberschlag.de\/wp\/wp-content\/uploads\/2020\/01\/Beetee-05-423x300.jpg 423w\" sizes=\"(max-width: 448px) 100vw, 448px\" \/><\/figure><\/li><li class=\"blocks-gallery-item\"><figure><img decoding=\"async\" loading=\"lazy\" width=\"336\" height=\"439\" src=\"https:\/\/www.vom-raeuberschlag.de\/wp\/wp-content\/uploads\/2020\/01\/Beetee-06.jpg\" alt=\"\" data-id=\"2957\" data-link=\"https:\/\/www.vom-raeuberschlag.de\/wp\/?attachment_id=2957\" class=\"wp-image-2957\" srcset=\"https:\/\/www.vom-raeuberschlag.de\/wp\/wp-content\/uploads\/2020\/01\/Beetee-06.jpg 336w, https:\/\/www.vom-raeuberschlag.de\/wp\/wp-content\/uploads\/2020\/01\/Beetee-06-230x300.jpg 230w\" sizes=\"(max-width: 336px) 100vw, 336px\" \/><\/figure><\/li><li class=\"blocks-gallery-item\"><figure><img decoding=\"async\" loading=\"lazy\" width=\"314\" height=\"448\" src=\"https:\/\/www.vom-raeuberschlag.de\/wp\/wp-content\/uploads\/2020\/01\/Beetee-07.jpg\" alt=\"\" data-id=\"2958\" data-link=\"https:\/\/www.vom-raeuberschlag.de\/wp\/?attachment_id=2958\" class=\"wp-image-2958\" srcset=\"https:\/\/www.vom-raeuberschlag.de\/wp\/wp-content\/uploads\/2020\/01\/Beetee-07.jpg 314w, https:\/\/www.vom-raeuberschlag.de\/wp\/wp-content\/uploads\/2020\/01\/Beetee-07-210x300.jpg 210w\" sizes=\"(max-width: 314px) 100vw, 314px\" \/><\/figure><\/li><li class=\"blocks-gallery-item\"><figure><img decoding=\"async\" loading=\"lazy\" width=\"448\" height=\"318\" src=\"https:\/\/www.vom-raeuberschlag.de\/wp\/wp-content\/uploads\/2020\/01\/Beetee-03.jpg\" alt=\"\" data-id=\"2954\" data-link=\"https:\/\/www.vom-raeuberschlag.de\/wp\/?attachment_id=2954\" class=\"wp-image-2954\" srcset=\"https:\/\/www.vom-raeuberschlag.de\/wp\/wp-content\/uploads\/2020\/01\/Beetee-03.jpg 448w, https:\/\/www.vom-raeuberschlag.de\/wp\/wp-content\/uploads\/2020\/01\/Beetee-03-423x300.jpg 423w\" sizes=\"(max-width: 448px) 100vw, 448px\" \/><\/figure><\/li><li class=\"blocks-gallery-item\"><figure><img decoding=\"async\" loading=\"lazy\" width=\"448\" height=\"310\" src=\"https:\/\/www.vom-raeuberschlag.de\/wp\/wp-content\/uploads\/2020\/01\/Beetee-01.jpg\" alt=\"\" data-id=\"2952\" data-link=\"https:\/\/www.vom-raeuberschlag.de\/wp\/?attachment_id=2952\" class=\"wp-image-2952\" srcset=\"https:\/\/www.vom-raeuberschlag.de\/wp\/wp-content\/uploads\/2020\/01\/Beetee-01.jpg 448w, https:\/\/www.vom-raeuberschlag.de\/wp\/wp-content\/uploads\/2020\/01\/Beetee-01-434x300.jpg 434w\" sizes=\"(max-width: 448px) 100vw, 448px\" \/><\/figure><\/li><\/ul>\n\n\n<p><\/p>\n<p>Odin ist ein hervorragend spurlauter R\u00fcde dem es trotz seines gro\u00dfen Finderwillen nicht an der F\u00fchrigkeit mangelt. Er ist auf der Jagd ein echter Terrier. Zuhause in der Familie ist Odin ein ruhiger und vertr\u00e4glicher Zeitgenosse.<\/p>\n<p>Odin wurde auf folgenden Pr\u00fcfungen vorgestellt:<br>Wesenstest<br>Junghundpr\u00fcfung 108 Pkt. I. Preis (spl) Spurarbeit 4h &#8222;Suchensieger&#8220;<br>Baupr\u00fcfung 100 Pkt. I. Preis &#8222;Suchensieger&#8220;<\/p>\n<p style=\"text-align: center;\">Schulterh\u00f6he 37 cm<br>Brustumfang 42 cm<br>Formwert: Vorz\u00fcglich<br>vollzahnige Schere<br>PL o.B.<br>PRA 0<br>LL 0<br>Katarakt 0<br>DNA-PLL: -\/- (clear)<br>DNA getestet<br>Audiometrie ohne Befund<br>SCA -\/- (clear durch Abstammung)<br>LOA -\/- (clear durch Abstammung)<br>DM -\/- (clear)<\/p>\n<p>F\u00fcr geeignete H\u00fcndinnen steht er als Deckr\u00fcde zur Verf\u00fcgung. Bei Interesse nehmen Sie bitte Kontakt auf mit uns <a href=\"https:\/\/www.vom-raeuberschlag.de\/wp\/wp-admin\/info@vom-raeuberschlag.de\">info@vom-raeuberschlag.de<\/a> oder Thomas Trenz <a href=\"mailto:thomas_trenz@t-online.de\">thomas_trenz@t-online.de<\/a><\/p>\n<p><!--StartFragment--><\/p>\n<p><!--EndFragment--><\/p>\n<p><\/p>","protected":false},"excerpt":{"rendered":"<p>Odin ist ein hervorragend spurlauter R\u00fcde dem es trotz seines gro\u00dfen Finderwillen nicht an der F\u00fchrigkeit mangelt. Er ist auf der Jagd ein echter Terrier. Zuhause in der Familie ist Odin ein ruhiger und vertr\u00e4glicher Zeitgenosse. Odin wurde auf folgenden <span class=\"excerpt-dots\">&hellip;<\/span> <a class=\"more-link\" href=\"https:\/\/www.vom-raeuberschlag.de\/wp\/?page_id=2950\"><span class=\"more-msg\">Weiterlesen &rarr;<\/span><\/a><\/p>\n","protected":false},"author":2,"featured_media":0,"parent":93,"menu_order":12,"comment_status":"closed","ping_status":"closed","template":"","meta":[],"_links":{"self":[{"href":"https:\/\/www.vom-raeuberschlag.de\/wp\/index.php?rest_route=\/wp\/v2\/pages\/2950"}],"collection":[{"href":"https:\/\/www.vom-raeuberschlag.de\/wp\/index.php?rest_route=\/wp\/v2\/pages"}],"about":[{"href":"https:\/\/www.vom-raeuberschlag.de\/wp\/index.php?rest_route=\/wp\/v2\/types\/page"}],"author":[{"embeddable":true,"href":"https:\/\/www.vom-raeuberschlag.de\/wp\/index.php?rest_route=\/wp\/v2\/users\/2"}],"replies":[{"embeddable":true,"href":"https:\/\/www.vom-raeuberschlag.de\/wp\/index.php?rest_route=%2Fwp%2Fv2%2Fcomments&post=2950"}],"version-history":[{"count":6,"href":"https:\/\/www.vom-raeuberschlag.de\/wp\/index.php?rest_route=\/wp\/v2\/pages\/2950\/revisions"}],"predecessor-version":[{"id":2968,"href":"https:\/\/www.vom-raeuberschlag.de\/wp\/index.php?rest_route=\/wp\/v2\/pages\/2950\/revisions\/2968"}],"up":[{"embeddable":true,"href":"https:\/\/www.vom-raeuberschlag.de\/wp\/index.php?rest_route=\/wp\/v2\/pages\/93"}],"wp:attachment":[{"href":"https:\/\/www.vom-raeuberschlag.de\/wp\/index.php?rest_route=%2Fwp%2Fv2%2Fmedia&parent=2950"}],"curies":[{"name":"wp","href":"https:\/\/api.w.org\/{rel}","templated":true}]}}