{"id":2940,"date":"2020-01-21T21:05:52","date_gmt":"2020-01-21T20:05:52","guid":{"rendered":"http:\/\/www.vom-raeuberschlag.de\/wp\/?page_id=2940"},"modified":"2020-01-22T21:30:40","modified_gmt":"2020-01-22T20:30:40","slug":"amycus-carrow-vom-raeuberschlag","status":"publish","type":"page","link":"https:\/\/www.vom-raeuberschlag.de\/wp\/?page_id=2940","title":{"rendered":"Amycus Carrow vom R\u00e4uberschlag"},"content":{"rendered":"\n<ul class=\"is-layout-flex wp-block-gallery-1 wp-block-gallery columns-3 is-cropped\"><li class=\"blocks-gallery-item\"><figure><img decoding=\"async\" loading=\"lazy\" width=\"448\" height=\"317\" src=\"https:\/\/www.vom-raeuberschlag.de\/wp\/wp-content\/uploads\/2020\/01\/amycus-carrow-02.jpg\" alt=\"\" data-id=\"2942\" data-link=\"https:\/\/www.vom-raeuberschlag.de\/wp\/?attachment_id=2942\" class=\"wp-image-2942\" srcset=\"https:\/\/www.vom-raeuberschlag.de\/wp\/wp-content\/uploads\/2020\/01\/amycus-carrow-02.jpg 448w, https:\/\/www.vom-raeuberschlag.de\/wp\/wp-content\/uploads\/2020\/01\/amycus-carrow-02-424x300.jpg 424w\" sizes=\"(max-width: 448px) 100vw, 448px\" \/><\/figure><\/li><li class=\"blocks-gallery-item\"><figure><img decoding=\"async\" loading=\"lazy\" width=\"448\" height=\"336\" src=\"https:\/\/www.vom-raeuberschlag.de\/wp\/wp-content\/uploads\/2020\/01\/amycus-carrow-03.jpg\" alt=\"\" data-id=\"2943\" data-link=\"https:\/\/www.vom-raeuberschlag.de\/wp\/?attachment_id=2943\" class=\"wp-image-2943\" srcset=\"https:\/\/www.vom-raeuberschlag.de\/wp\/wp-content\/uploads\/2020\/01\/amycus-carrow-03.jpg 448w, https:\/\/www.vom-raeuberschlag.de\/wp\/wp-content\/uploads\/2020\/01\/amycus-carrow-03-400x300.jpg 400w\" sizes=\"(max-width: 448px) 100vw, 448px\" \/><\/figure><\/li><li class=\"blocks-gallery-item\"><figure><img decoding=\"async\" loading=\"lazy\" width=\"448\" height=\"336\" src=\"https:\/\/www.vom-raeuberschlag.de\/wp\/wp-content\/uploads\/2020\/01\/amycus-carrow-01.jpg\" alt=\"\" data-id=\"2941\" data-link=\"https:\/\/www.vom-raeuberschlag.de\/wp\/?attachment_id=2941\" class=\"wp-image-2941\" srcset=\"https:\/\/www.vom-raeuberschlag.de\/wp\/wp-content\/uploads\/2020\/01\/amycus-carrow-01.jpg 448w, https:\/\/www.vom-raeuberschlag.de\/wp\/wp-content\/uploads\/2020\/01\/amycus-carrow-01-400x300.jpg 400w\" sizes=\"(max-width: 448px) 100vw, 448px\" \/><\/figure><\/li><li class=\"blocks-gallery-item\"><figure><img decoding=\"async\" loading=\"lazy\" width=\"336\" height=\"384\" src=\"https:\/\/www.vom-raeuberschlag.de\/wp\/wp-content\/uploads\/2020\/01\/amycus-carrow-04.jpg\" alt=\"\" data-id=\"2944\" data-link=\"https:\/\/www.vom-raeuberschlag.de\/wp\/?attachment_id=2944\" class=\"wp-image-2944\" srcset=\"https:\/\/www.vom-raeuberschlag.de\/wp\/wp-content\/uploads\/2020\/01\/amycus-carrow-04.jpg 336w, https:\/\/www.vom-raeuberschlag.de\/wp\/wp-content\/uploads\/2020\/01\/amycus-carrow-04-263x300.jpg 263w\" sizes=\"(max-width: 336px) 100vw, 336px\" \/><\/figure><\/li><li class=\"blocks-gallery-item\"><figure><img decoding=\"async\" loading=\"lazy\" width=\"448\" height=\"336\" src=\"https:\/\/www.vom-raeuberschlag.de\/wp\/wp-content\/uploads\/2020\/01\/amycus-carrow-05.jpeg\" alt=\"\" data-id=\"2945\" data-link=\"https:\/\/www.vom-raeuberschlag.de\/wp\/?attachment_id=2945\" class=\"wp-image-2945\" srcset=\"https:\/\/www.vom-raeuberschlag.de\/wp\/wp-content\/uploads\/2020\/01\/amycus-carrow-05.jpeg 448w, https:\/\/www.vom-raeuberschlag.de\/wp\/wp-content\/uploads\/2020\/01\/amycus-carrow-05-400x300.jpeg 400w\" sizes=\"(max-width: 448px) 100vw, 448px\" \/><\/figure><\/li><li class=\"blocks-gallery-item\"><figure><img decoding=\"async\" loading=\"lazy\" width=\"336\" height=\"448\" src=\"https:\/\/www.vom-raeuberschlag.de\/wp\/wp-content\/uploads\/2020\/01\/amycus-carrow-07.jpg\" alt=\"\" data-id=\"2947\" data-link=\"https:\/\/www.vom-raeuberschlag.de\/wp\/?attachment_id=2947\" class=\"wp-image-2947\" srcset=\"https:\/\/www.vom-raeuberschlag.de\/wp\/wp-content\/uploads\/2020\/01\/amycus-carrow-07.jpg 336w, https:\/\/www.vom-raeuberschlag.de\/wp\/wp-content\/uploads\/2020\/01\/amycus-carrow-07-225x300.jpg 225w\" sizes=\"(max-width: 336px) 100vw, 336px\" \/><\/figure><\/li><li class=\"blocks-gallery-item\"><figure><img decoding=\"async\" loading=\"lazy\" width=\"448\" height=\"295\" src=\"https:\/\/www.vom-raeuberschlag.de\/wp\/wp-content\/uploads\/2020\/01\/amycus-carrow-06.jpg\" alt=\"\" data-id=\"2946\" data-link=\"https:\/\/www.vom-raeuberschlag.de\/wp\/?attachment_id=2946\" class=\"wp-image-2946\"\/><\/figure><\/li><\/ul>\n\n\n\n<p>Olek ist ein passionierter J\u00e4ger mit sehr guter F\u00fchrerbindung. Er besitzt ein gro\u00dfes Herz und erobert die Menschen mit seinem Charm im Sturm.<\/p>\n\n\n\n<p>Olek wurde auf folgenden Pr\u00fcfungen vorgestellt:<br> Wesenstest<br> Junghundpr\u00fcfung  90 Pkt.  II. Preis (sil)<br> Baupr\u00fcfung\u00a0\u00a0\u00a0\u00a0\u00a0\u00a0\u00a0\u00a0\u00a0\u00a0\u00a0\u00a0\u00a0 80 Pkt. II. Preis<br> <\/p>\n\n\n\n<p style=\"text-align:center\">Schulterh\u00f6he 37 cm<br> Brustumfang 45 cm<br> Formwert: Sehr gut<br> vollzahnige Schere<br>PL o.B.<br> PRA 0<br> LL 0<br> Katarakt 0<br> DNA-PLL: -\/- (clear durch Abstammung)<br> DNA getestet<br> Audiometrie ohne Befund<br> SCA -\/- (clear)<br> LOA -\/- (clear)<br> DM -\/- (clear) <\/p>\n\n\n\n<p>F\u00fcr geeignete H\u00fcndinnen steht er als Deckr\u00fcde zur Verf\u00fcgung. Bei Interesse nehmen&nbsp; Sie bitte Kontakt auf mit Mike Schikora <a href=\"mailto:mikeschikora@gmx.de\">mikeschikora@gmx.de<\/a><\/p>\n","protected":false},"excerpt":{"rendered":"<p>Olek ist ein passionierter J\u00e4ger mit sehr guter F\u00fchrerbindung. Er besitzt ein gro\u00dfes Herz und erobert die Menschen mit seinem Charm im Sturm. Olek wurde auf folgenden Pr\u00fcfungen vorgestellt: Wesenstest Junghundpr\u00fcfung 90 Pkt. II. Preis (sil) Baupr\u00fcfung\u00a0\u00a0\u00a0\u00a0\u00a0\u00a0\u00a0\u00a0\u00a0\u00a0\u00a0\u00a0\u00a0 80 Pkt. II. <span class=\"excerpt-dots\">&hellip;<\/span> <a class=\"more-link\" href=\"https:\/\/www.vom-raeuberschlag.de\/wp\/?page_id=2940\"><span class=\"more-msg\">Weiterlesen &rarr;<\/span><\/a><\/p>\n","protected":false},"author":2,"featured_media":0,"parent":93,"menu_order":11,"comment_status":"closed","ping_status":"closed","template":"","meta":[],"_links":{"self":[{"href":"https:\/\/www.vom-raeuberschlag.de\/wp\/index.php?rest_route=\/wp\/v2\/pages\/2940"}],"collection":[{"href":"https:\/\/www.vom-raeuberschlag.de\/wp\/index.php?rest_route=\/wp\/v2\/pages"}],"about":[{"href":"https:\/\/www.vom-raeuberschlag.de\/wp\/index.php?rest_route=\/wp\/v2\/types\/page"}],"author":[{"embeddable":true,"href":"https:\/\/www.vom-raeuberschlag.de\/wp\/index.php?rest_route=\/wp\/v2\/users\/2"}],"replies":[{"embeddable":true,"href":"https:\/\/www.vom-raeuberschlag.de\/wp\/index.php?rest_route=%2Fwp%2Fv2%2Fcomments&post=2940"}],"version-history":[{"count":4,"href":"https:\/\/www.vom-raeuberschlag.de\/wp\/index.php?rest_route=\/wp\/v2\/pages\/2940\/revisions"}],"predecessor-version":[{"id":3624,"href":"https:\/\/www.vom-raeuberschlag.de\/wp\/index.php?rest_route=\/wp\/v2\/pages\/2940\/revisions\/3624"}],"up":[{"embeddable":true,"href":"https:\/\/www.vom-raeuberschlag.de\/wp\/index.php?rest_route=\/wp\/v2\/pages\/93"}],"wp:attachment":[{"href":"https:\/\/www.vom-raeuberschlag.de\/wp\/index.php?rest_route=%2Fwp%2Fv2%2Fmedia&parent=2940"}],"curies":[{"name":"wp","href":"https:\/\/api.w.org\/{rel}","templated":true}]}}