{"id":2035,"date":"2017-06-14T21:25:04","date_gmt":"2017-06-14T19:25:04","guid":{"rendered":"http:\/\/www.vom-raeuberschlag.de\/wp\/?page_id=2035"},"modified":"2021-12-12T08:48:00","modified_gmt":"2021-12-12T07:48:00","slug":"kinley-ritakim","status":"publish","type":"page","link":"https:\/\/www.vom-raeuberschlag.de\/wp\/?page_id=2035","title":{"rendered":"Kinley Ritakim"},"content":{"rendered":"<p style=\"text-align: center;\"><a href=\"https:\/\/www.vom-raeuberschlag.de\/wp\/?attachment_id=2047\" rel=\"attachment wp-att-2047\"><img decoding=\"async\" loading=\"lazy\" class=\"aligncenter size-medium wp-image-2047\" src=\"https:\/\/www.vom-raeuberschlag.de\/wp\/wp-content\/uploads\/2017\/06\/Ahnentafel_Kinley_Ritakim1-650x460.jpg\" alt=\"\" width=\"650\" height=\"460\" srcset=\"https:\/\/www.vom-raeuberschlag.de\/wp\/wp-content\/uploads\/2017\/06\/Ahnentafel_Kinley_Ritakim1-650x460.jpg 650w, https:\/\/www.vom-raeuberschlag.de\/wp\/wp-content\/uploads\/2017\/06\/Ahnentafel_Kinley_Ritakim1-768x544.jpg 768w, https:\/\/www.vom-raeuberschlag.de\/wp\/wp-content\/uploads\/2017\/06\/Ahnentafel_Kinley_Ritakim1-424x300.jpg 424w, https:\/\/www.vom-raeuberschlag.de\/wp\/wp-content\/uploads\/2017\/06\/Ahnentafel_Kinley_Ritakim1.jpg 842w\" sizes=\"(max-width: 650px) 100vw, 650px\" \/><\/a><\/p>\n\n\t\t<style type=\"text\/css\">\n\t\t\t#gallery-1 {\n\t\t\t\tmargin: auto;\n\t\t\t}\n\t\t\t#gallery-1 .gallery-item {\n\t\t\t\tfloat: left;\n\t\t\t\tmargin-top: 10px;\n\t\t\t\ttext-align: center;\n\t\t\t\twidth: 20%;\n\t\t\t}\n\t\t\t#gallery-1 img {\n\t\t\t\tborder: 2px solid #cfcfcf;\n\t\t\t}\n\t\t\t#gallery-1 .gallery-caption {\n\t\t\t\tmargin-left: 0;\n\t\t\t}\n\t\t\t\/* see gallery_shortcode() in wp-includes\/media.php *\/\n\t\t<\/style>\n\t\t<div id='gallery-1' class='gallery galleryid-2035 gallery-columns-5 gallery-size-thumbnail'><dl class='gallery-item'>\n\t\t\t<dt class='gallery-icon landscape'>\n\t\t\t\t<a href='https:\/\/www.vom-raeuberschlag.de\/wp\/wp-content\/uploads\/2016\/12\/WT-Coburg-2017.jpg' rel=\"lightbox[gallery-0]\"><img width=\"150\" height=\"150\" src=\"https:\/\/www.vom-raeuberschlag.de\/wp\/wp-content\/uploads\/2016\/12\/WT-Coburg-2017-150x150.jpg\" class=\"attachment-thumbnail size-thumbnail\" alt=\"\" decoding=\"async\" loading=\"lazy\" aria-describedby=\"gallery-1-2022\" \/><\/a>\n\t\t\t<\/dt>\n\t\t\t\t<dd class='wp-caption-text gallery-caption' id='gallery-1-2022'>\n\t\t\t\tWesenstest Coburg\n\t\t\t\t<\/dd><\/dl><dl class='gallery-item'>\n\t\t\t<dt class='gallery-icon landscape'>\n\t\t\t\t<a href='https:\/\/www.vom-raeuberschlag.de\/wp\/wp-content\/uploads\/2016\/12\/bp-zeil-am-main-2017_n.jpg' rel=\"lightbox[gallery-0]\"><img width=\"150\" height=\"150\" src=\"https:\/\/www.vom-raeuberschlag.de\/wp\/wp-content\/uploads\/2016\/12\/bp-zeil-am-main-2017_n-150x150.jpg\" class=\"attachment-thumbnail size-thumbnail\" alt=\"\" decoding=\"async\" loading=\"lazy\" aria-describedby=\"gallery-1-2020\" \/><\/a>\n\t\t\t<\/dt>\n\t\t\t\t<dd class='wp-caption-text gallery-caption' id='gallery-1-2020'>\n\t\t\t\tBaupr\u00fcfung Zeil am Main\n\t\t\t\t<\/dd><\/dl><dl class='gallery-item'>\n\t\t\t<dt class='gallery-icon landscape'>\n\t\t\t\t<a href='https:\/\/www.vom-raeuberschlag.de\/wp\/wp-content\/uploads\/2017\/06\/Kinley_Ritakim_K1.jpg' rel=\"lightbox[gallery-0]\"><img width=\"150\" height=\"150\" src=\"https:\/\/www.vom-raeuberschlag.de\/wp\/wp-content\/uploads\/2017\/06\/Kinley_Ritakim_K1-150x150.jpg\" class=\"attachment-thumbnail size-thumbnail\" alt=\"\" decoding=\"async\" loading=\"lazy\" \/><\/a>\n\t\t\t<\/dt><\/dl><dl class='gallery-item'>\n\t\t\t<dt class='gallery-icon landscape'>\n\t\t\t\t<a href='https:\/\/www.vom-raeuberschlag.de\/wp\/wp-content\/uploads\/2017\/06\/Kinley_Ritakim1.jpg' rel=\"lightbox[gallery-0]\"><img width=\"150\" height=\"150\" src=\"https:\/\/www.vom-raeuberschlag.de\/wp\/wp-content\/uploads\/2017\/06\/Kinley_Ritakim1-150x150.jpg\" class=\"attachment-thumbnail size-thumbnail\" alt=\"\" decoding=\"async\" loading=\"lazy\" \/><\/a>\n\t\t\t<\/dt><\/dl>\n\t\t\t<br style='clear: both' \/>\n\t\t<\/div>\n\n<p>Von langer Hand geplant war es dann endlich soweit und unser Gemeinschaftsprojekt konnte beginnen. So zog Kim bei Ralf und B\u00e4rbel Ballauf, Zwinger &#8222;McKinley&#8217;s&#8220;, ein.<\/p>\n<p>Ende Februar kam Kim zur Vorbereitung auf die jagdlichen Pr\u00fcfungen zu uns. Bei uns lebte sich der junge Tscheche sehr schnell ein und f\u00fcgte sich ohne Probleme in mein bestehendes Rudel.<\/p>\n<p>Ohne jegliche jagdliche Vorkenntnisse starteten wir in die Vorbereitung zur Junghund- und Baupr\u00fcfung, welche er mit bravour meisterte.<\/p>\n<p>Nach den bestandenen Pr\u00fcfungen sowie der Zuchtschau ist Kim wieder zur\u00fcck in den Zwinger &#8222;McKinley&#8217;s&#8220; gezogen.<\/p>\n<p>Er wird uns bestimmt bald wieder besuchen.<\/p>\n<p>Folgende Pr\u00fcfungen konnte Kim mit Erfolg ablegen:<br \/>\nWesenstest<br \/>\nJunghundpr\u00fcfung (sil)\u00a0\u00a0\u00a0 87 Pkt.\u00a0 \u00a0 II. Preis<br \/>\nBaupr\u00fcfung\u00a0\u00a0\u00a0\u00a0\u00a0\u00a0\u00a0\u00a0\u00a0\u00a0\u00a0\u00a0\u00a0\u00a0\u00a0\u00a0\u00a0\u00a0\u00a0\u00a0 95 Pkt. \u00a0\u00a0\u00a0 I. Preis<\/p>\n<p style=\"text-align: center;\">Schulterh\u00f6he 36 cm<br \/>\nBrustumfang 43 cm<br \/>\nFormwert: vorz\u00fcglich<br \/>\nvollzahnige Schere<br \/>\nPL 0<br \/>\nPRA 0<br \/>\nLL 0<br \/>\nKatarakt 0<br \/>\nDNA-PLL: -\/- (frei)<br \/>\nDNA getestet<br \/>\nAudiometrie ohne Befund<br \/>\nSCA clear (durch Abstammung)<br \/>\nLOA clear (durch Abstammung)<br \/>\nDM -\/+ (carrier)<\/p>\n<p style=\"text-align: left;\">F\u00fcr geeignete H\u00fcndinnen steht er als Deckr\u00fcde zur Verf\u00fcgung. Bei Interesse nehmen Sie bitte mit Ralf Ballauf, E-Mail: <a href=\"mailto:parson-russell-terrier@mckinleys.de\" target=\"_blank\" rel=\"noopener noreferrer\">parson-russell-terrier@mckinleys.de<\/a>, Kontakt auf.<\/p>\n","protected":false},"excerpt":{"rendered":"<p>Von langer Hand geplant war es dann endlich soweit und unser Gemeinschaftsprojekt konnte beginnen. So zog Kim bei Ralf und B\u00e4rbel Ballauf, Zwinger &#8222;McKinley&#8217;s&#8220;, ein. Ende Februar kam Kim zur Vorbereitung auf die jagdlichen Pr\u00fcfungen zu uns. Bei uns lebte <span class=\"excerpt-dots\">&hellip;<\/span> <a class=\"more-link\" href=\"https:\/\/www.vom-raeuberschlag.de\/wp\/?page_id=2035\"><span class=\"more-msg\">Weiterlesen &rarr;<\/span><\/a><\/p>\n","protected":false},"author":2,"featured_media":0,"parent":93,"menu_order":3,"comment_status":"closed","ping_status":"closed","template":"","meta":[],"_links":{"self":[{"href":"https:\/\/www.vom-raeuberschlag.de\/wp\/index.php?rest_route=\/wp\/v2\/pages\/2035"}],"collection":[{"href":"https:\/\/www.vom-raeuberschlag.de\/wp\/index.php?rest_route=\/wp\/v2\/pages"}],"about":[{"href":"https:\/\/www.vom-raeuberschlag.de\/wp\/index.php?rest_route=\/wp\/v2\/types\/page"}],"author":[{"embeddable":true,"href":"https:\/\/www.vom-raeuberschlag.de\/wp\/index.php?rest_route=\/wp\/v2\/users\/2"}],"replies":[{"embeddable":true,"href":"https:\/\/www.vom-raeuberschlag.de\/wp\/index.php?rest_route=%2Fwp%2Fv2%2Fcomments&post=2035"}],"version-history":[{"count":10,"href":"https:\/\/www.vom-raeuberschlag.de\/wp\/index.php?rest_route=\/wp\/v2\/pages\/2035\/revisions"}],"predecessor-version":[{"id":2935,"href":"https:\/\/www.vom-raeuberschlag.de\/wp\/index.php?rest_route=\/wp\/v2\/pages\/2035\/revisions\/2935"}],"up":[{"embeddable":true,"href":"https:\/\/www.vom-raeuberschlag.de\/wp\/index.php?rest_route=\/wp\/v2\/pages\/93"}],"wp:attachment":[{"href":"https:\/\/www.vom-raeuberschlag.de\/wp\/index.php?rest_route=%2Fwp%2Fv2%2Fmedia&parent=2035"}],"curies":[{"name":"wp","href":"https:\/\/api.w.org\/{rel}","templated":true}]}}