{"id":190,"date":"2015-02-23T10:23:08","date_gmt":"2015-02-23T09:23:08","guid":{"rendered":"http:\/\/www.vom-raeuberschlag.de\/wp\/?page_id=190"},"modified":"2022-01-27T07:38:14","modified_gmt":"2022-01-27T06:38:14","slug":"coachmans-wild-rose","status":"publish","type":"page","link":"https:\/\/www.vom-raeuberschlag.de\/wp\/?page_id=190","title":{"rendered":"Coachman&#8217;s Wild Rose"},"content":{"rendered":"<p style=\"text-align: center;\"><a href=\"https:\/\/www.vom-raeuberschlag.de\/wp\/wp-content\/uploads\/2015\/02\/Ahnentafel-Rose.jpg\" rel=\"lightbox-0\"><img decoding=\"async\" loading=\"lazy\" class=\"aligncenter size-medium wp-image-645\" src=\"https:\/\/www.vom-raeuberschlag.de\/wp\/wp-content\/uploads\/2015\/02\/Ahnentafel-Rose-300x212.jpg\" alt=\"Ahnentafel Rose\" width=\"300\" height=\"212\" \/><\/a><\/p>\n<p>\u00a0<\/p>\n\n\t\t<style type=\"text\/css\">\n\t\t\t#gallery-1 {\n\t\t\t\tmargin: auto;\n\t\t\t}\n\t\t\t#gallery-1 .gallery-item {\n\t\t\t\tfloat: left;\n\t\t\t\tmargin-top: 10px;\n\t\t\t\ttext-align: center;\n\t\t\t\twidth: 20%;\n\t\t\t}\n\t\t\t#gallery-1 img {\n\t\t\t\tborder: 2px solid #cfcfcf;\n\t\t\t}\n\t\t\t#gallery-1 .gallery-caption {\n\t\t\t\tmargin-left: 0;\n\t\t\t}\n\t\t\t\/* see gallery_shortcode() in wp-includes\/media.php *\/\n\t\t<\/style>\n\t\t<div id='gallery-1' class='gallery galleryid-190 gallery-columns-5 gallery-size-thumbnail'><dl class='gallery-item'>\n\t\t\t<dt class='gallery-icon landscape'>\n\t\t\t\t<a href='https:\/\/www.vom-raeuberschlag.de\/wp\/wp-content\/uploads\/2015\/02\/Rose01.jpg' rel=\"lightbox[gallery-0]\"><img width=\"150\" height=\"150\" src=\"https:\/\/www.vom-raeuberschlag.de\/wp\/wp-content\/uploads\/2015\/02\/Rose01-150x150.jpg\" class=\"attachment-thumbnail size-thumbnail\" alt=\"\" decoding=\"async\" loading=\"lazy\" aria-describedby=\"gallery-1-671\" \/><\/a>\n\t\t\t<\/dt>\n\t\t\t\t<dd class='wp-caption-text gallery-caption' id='gallery-1-671'>\n\t\t\t\tRose mit 6 Wochen\n\t\t\t\t<\/dd><\/dl><dl class='gallery-item'>\n\t\t\t<dt class='gallery-icon landscape'>\n\t\t\t\t<a href='https:\/\/www.vom-raeuberschlag.de\/wp\/wp-content\/uploads\/2015\/02\/Rose02.jpg' rel=\"lightbox[gallery-0]\"><img width=\"150\" height=\"150\" src=\"https:\/\/www.vom-raeuberschlag.de\/wp\/wp-content\/uploads\/2015\/02\/Rose02-150x150.jpg\" class=\"attachment-thumbnail size-thumbnail\" alt=\"\" decoding=\"async\" loading=\"lazy\" aria-describedby=\"gallery-1-672\" \/><\/a>\n\t\t\t<\/dt>\n\t\t\t\t<dd class='wp-caption-text gallery-caption' id='gallery-1-672'>\n\t\t\t\tFr\u00fch \u00fcbt sich\n\t\t\t\t<\/dd><\/dl><dl class='gallery-item'>\n\t\t\t<dt class='gallery-icon landscape'>\n\t\t\t\t<a href='https:\/\/www.vom-raeuberschlag.de\/wp\/wp-content\/uploads\/2015\/02\/Rose03.jpg' rel=\"lightbox[gallery-0]\"><img width=\"150\" height=\"150\" src=\"https:\/\/www.vom-raeuberschlag.de\/wp\/wp-content\/uploads\/2015\/02\/Rose03-150x150.jpg\" class=\"attachment-thumbnail size-thumbnail\" alt=\"\" decoding=\"async\" loading=\"lazy\" aria-describedby=\"gallery-1-673\" \/><\/a>\n\t\t\t<\/dt>\n\t\t\t\t<dd class='wp-caption-text gallery-caption' id='gallery-1-673'>\n\t\t\t\tmit Dummy\n\t\t\t\t<\/dd><\/dl><dl class='gallery-item'>\n\t\t\t<dt class='gallery-icon landscape'>\n\t\t\t\t<a href='https:\/\/www.vom-raeuberschlag.de\/wp\/wp-content\/uploads\/2015\/02\/Rose04.jpg' rel=\"lightbox[gallery-0]\"><img width=\"150\" height=\"150\" src=\"https:\/\/www.vom-raeuberschlag.de\/wp\/wp-content\/uploads\/2015\/02\/Rose04-150x150.jpg\" class=\"attachment-thumbnail size-thumbnail\" alt=\"\" decoding=\"async\" loading=\"lazy\" aria-describedby=\"gallery-1-674\" \/><\/a>\n\t\t\t<\/dt>\n\t\t\t\t<dd class='wp-caption-text gallery-caption' id='gallery-1-674'>\n\t\t\t\toder auch Ente\n\t\t\t\t<\/dd><\/dl><dl class='gallery-item'>\n\t\t\t<dt class='gallery-icon landscape'>\n\t\t\t\t<a href='https:\/\/www.vom-raeuberschlag.de\/wp\/wp-content\/uploads\/2015\/02\/Rose05.jpg' rel=\"lightbox[gallery-0]\"><img width=\"150\" height=\"150\" src=\"https:\/\/www.vom-raeuberschlag.de\/wp\/wp-content\/uploads\/2015\/02\/Rose05-150x150.jpg\" class=\"attachment-thumbnail size-thumbnail\" alt=\"\" decoding=\"async\" loading=\"lazy\" aria-describedby=\"gallery-1-675\" \/><\/a>\n\t\t\t<\/dt>\n\t\t\t\t<dd class='wp-caption-text gallery-caption' id='gallery-1-675'>\n\t\t\t\tin der Welpenschule\n\t\t\t\t<\/dd><\/dl><br style=\"clear: both\" \/><dl class='gallery-item'>\n\t\t\t<dt class='gallery-icon landscape'>\n\t\t\t\t<a href='https:\/\/www.vom-raeuberschlag.de\/wp\/wp-content\/uploads\/2015\/02\/Rose06.jpg' rel=\"lightbox[gallery-0]\"><img width=\"150\" height=\"150\" src=\"https:\/\/www.vom-raeuberschlag.de\/wp\/wp-content\/uploads\/2015\/02\/Rose06-150x150.jpg\" class=\"attachment-thumbnail size-thumbnail\" alt=\"\" decoding=\"async\" loading=\"lazy\" aria-describedby=\"gallery-1-676\" \/><\/a>\n\t\t\t<\/dt>\n\t\t\t\t<dd class='wp-caption-text gallery-caption' id='gallery-1-676'>\n\t\t\t\tkraulen ist super\n\t\t\t\t<\/dd><\/dl><dl class='gallery-item'>\n\t\t\t<dt class='gallery-icon landscape'>\n\t\t\t\t<a href='https:\/\/www.vom-raeuberschlag.de\/wp\/wp-content\/uploads\/2015\/02\/Rose07.jpg' rel=\"lightbox[gallery-0]\"><img width=\"150\" height=\"150\" src=\"https:\/\/www.vom-raeuberschlag.de\/wp\/wp-content\/uploads\/2015\/02\/Rose07-150x150.jpg\" class=\"attachment-thumbnail size-thumbnail\" alt=\"\" decoding=\"async\" loading=\"lazy\" aria-describedby=\"gallery-1-677\" \/><\/a>\n\t\t\t<\/dt>\n\t\t\t\t<dd class='wp-caption-text gallery-caption' id='gallery-1-677'>\n\t\t\t\taber auch das kennenlernen\n\t\t\t\t<\/dd><\/dl><dl class='gallery-item'>\n\t\t\t<dt class='gallery-icon landscape'>\n\t\t\t\t<a href='https:\/\/www.vom-raeuberschlag.de\/wp\/wp-content\/uploads\/2015\/02\/Rose08.jpg' rel=\"lightbox[gallery-0]\"><img width=\"150\" height=\"150\" src=\"https:\/\/www.vom-raeuberschlag.de\/wp\/wp-content\/uploads\/2015\/02\/Rose08-150x150.jpg\" class=\"attachment-thumbnail size-thumbnail\" alt=\"\" decoding=\"async\" loading=\"lazy\" aria-describedby=\"gallery-1-678\" \/><\/a>\n\t\t\t<\/dt>\n\t\t\t\t<dd class='wp-caption-text gallery-caption' id='gallery-1-678'>\n\t\t\t\tverschiedener Wildarten\n\t\t\t\t<\/dd><\/dl><dl class='gallery-item'>\n\t\t\t<dt class='gallery-icon landscape'>\n\t\t\t\t<a href='https:\/\/www.vom-raeuberschlag.de\/wp\/wp-content\/uploads\/2015\/02\/Rose09.jpg' rel=\"lightbox[gallery-0]\"><img width=\"150\" height=\"150\" src=\"https:\/\/www.vom-raeuberschlag.de\/wp\/wp-content\/uploads\/2015\/02\/Rose09-150x150.jpg\" class=\"attachment-thumbnail size-thumbnail\" alt=\"\" decoding=\"async\" loading=\"lazy\" aria-describedby=\"gallery-1-679\" \/><\/a>\n\t\t\t<\/dt>\n\t\t\t\t<dd class='wp-caption-text gallery-caption' id='gallery-1-679'>\n\t\t\t\twird fr\u00fchzeitig ge\u00fcbt\n\t\t\t\t<\/dd><\/dl><dl class='gallery-item'>\n\t\t\t<dt class='gallery-icon landscape'>\n\t\t\t\t<a href='https:\/\/www.vom-raeuberschlag.de\/wp\/wp-content\/uploads\/2015\/02\/Rose10.jpg' rel=\"lightbox[gallery-0]\"><img width=\"150\" height=\"150\" src=\"https:\/\/www.vom-raeuberschlag.de\/wp\/wp-content\/uploads\/2015\/02\/Rose10-150x150.jpg\" class=\"attachment-thumbnail size-thumbnail\" alt=\"\" decoding=\"async\" loading=\"lazy\" aria-describedby=\"gallery-1-680\" \/><\/a>\n\t\t\t<\/dt>\n\t\t\t\t<dd class='wp-caption-text gallery-caption' id='gallery-1-680'>\n\t\t\t\tGuckst du \ud83d\ude42\n\t\t\t\t<\/dd><\/dl><br style=\"clear: both\" \/><dl class='gallery-item'>\n\t\t\t<dt class='gallery-icon portrait'>\n\t\t\t\t<a href='https:\/\/www.vom-raeuberschlag.de\/wp\/wp-content\/uploads\/2015\/04\/JAP-Rose.jpg' rel=\"lightbox[gallery-0]\"><img width=\"150\" height=\"150\" src=\"https:\/\/www.vom-raeuberschlag.de\/wp\/wp-content\/uploads\/2015\/04\/JAP-Rose-150x150.jpg\" class=\"attachment-thumbnail size-thumbnail\" alt=\"\" decoding=\"async\" loading=\"lazy\" aria-describedby=\"gallery-1-689\" \/><\/a>\n\t\t\t<\/dt>\n\t\t\t\t<dd class='wp-caption-text gallery-caption' id='gallery-1-689'>\n\t\t\t\tJAP beim GSCD Vorz\u00fcglich 16 Pkt. \n\t\t\t\t<\/dd><\/dl><dl class='gallery-item'>\n\t\t\t<dt class='gallery-icon landscape'>\n\t\t\t\t<a href='https:\/\/www.vom-raeuberschlag.de\/wp\/wp-content\/uploads\/2015\/04\/VJP-Rose.jpg' rel=\"lightbox[gallery-0]\"><img width=\"150\" height=\"150\" src=\"https:\/\/www.vom-raeuberschlag.de\/wp\/wp-content\/uploads\/2015\/04\/VJP-Rose-150x150.jpg\" class=\"attachment-thumbnail size-thumbnail\" alt=\"\" decoding=\"async\" loading=\"lazy\" aria-describedby=\"gallery-1-693\" \/><\/a>\n\t\t\t<\/dt>\n\t\t\t\t<dd class='wp-caption-text gallery-caption' id='gallery-1-693'>\n\t\t\t\tVJP beim JGV Ofr. Suchensiegerin 75 Pkt.\n\t\t\t\t<\/dd><\/dl><dl class='gallery-item'>\n\t\t\t<dt class='gallery-icon landscape'>\n\t\t\t\t<a href='https:\/\/www.vom-raeuberschlag.de\/wp\/wp-content\/uploads\/2015\/04\/JuS-PuS.jpg' rel=\"lightbox[gallery-0]\"><img width=\"150\" height=\"150\" src=\"https:\/\/www.vom-raeuberschlag.de\/wp\/wp-content\/uploads\/2015\/04\/JuS-PuS-150x150.jpg\" class=\"attachment-thumbnail size-thumbnail\" alt=\"\" decoding=\"async\" loading=\"lazy\" aria-describedby=\"gallery-1-710\" \/><\/a>\n\t\t\t<\/dt>\n\t\t\t\t<dd class='wp-caption-text gallery-caption' id='gallery-1-710'>\n\t\t\t\tJuS P&#038;S 68 Punkte\n\t\t\t\t<\/dd><\/dl><dl class='gallery-item'>\n\t\t\t<dt class='gallery-icon portrait'>\n\t\t\t\t<a href='https:\/\/www.vom-raeuberschlag.de\/wp\/wp-content\/uploads\/2015\/08\/Rose-August-2015-01.jpg' rel=\"lightbox[gallery-0]\"><img width=\"150\" height=\"150\" src=\"https:\/\/www.vom-raeuberschlag.de\/wp\/wp-content\/uploads\/2015\/08\/Rose-August-2015-01-150x150.jpg\" class=\"attachment-thumbnail size-thumbnail\" alt=\"\" decoding=\"async\" loading=\"lazy\" aria-describedby=\"gallery-1-1039\" \/><\/a>\n\t\t\t<\/dt>\n\t\t\t\t<dd class='wp-caption-text gallery-caption' id='gallery-1-1039'>\n\t\t\t\tMuss ich wirklich arbeiten?\n\t\t\t\t<\/dd><\/dl><dl class='gallery-item'>\n\t\t\t<dt class='gallery-icon portrait'>\n\t\t\t\t<a href='https:\/\/www.vom-raeuberschlag.de\/wp\/wp-content\/uploads\/2015\/08\/Rose-August-2015-02.jpg' rel=\"lightbox[gallery-0]\"><img width=\"150\" height=\"150\" src=\"https:\/\/www.vom-raeuberschlag.de\/wp\/wp-content\/uploads\/2015\/08\/Rose-August-2015-02-150x150.jpg\" class=\"attachment-thumbnail size-thumbnail\" alt=\"\" decoding=\"async\" loading=\"lazy\" aria-describedby=\"gallery-1-1040\" \/><\/a>\n\t\t\t<\/dt>\n\t\t\t\t<dd class='wp-caption-text gallery-caption' id='gallery-1-1040'>\n\t\t\t\tIch will nicht. Ihr seht mich nicht\n\t\t\t\t<\/dd><\/dl><br style=\"clear: both\" \/><dl class='gallery-item'>\n\t\t\t<dt class='gallery-icon portrait'>\n\t\t\t\t<a href='https:\/\/www.vom-raeuberschlag.de\/wp\/wp-content\/uploads\/2015\/08\/Rose-August-2015-03.jpg' rel=\"lightbox[gallery-0]\"><img width=\"150\" height=\"150\" src=\"https:\/\/www.vom-raeuberschlag.de\/wp\/wp-content\/uploads\/2015\/08\/Rose-August-2015-03-150x150.jpg\" class=\"attachment-thumbnail size-thumbnail\" alt=\"\" decoding=\"async\" loading=\"lazy\" aria-describedby=\"gallery-1-1041\" \/><\/a>\n\t\t\t<\/dt>\n\t\t\t\t<dd class='wp-caption-text gallery-caption' id='gallery-1-1041'>\n\t\t\t\tErfolgreich gedr\u00fcckt\n\t\t\t\t<\/dd><\/dl><dl class='gallery-item'>\n\t\t\t<dt class='gallery-icon landscape'>\n\t\t\t\t<a href='https:\/\/www.vom-raeuberschlag.de\/wp\/wp-content\/uploads\/2015\/09\/CAC-Koesching-Rose.jpg' rel=\"lightbox[gallery-0]\"><img width=\"150\" height=\"150\" src=\"https:\/\/www.vom-raeuberschlag.de\/wp\/wp-content\/uploads\/2015\/09\/CAC-Koesching-Rose-150x150.jpg\" class=\"attachment-thumbnail size-thumbnail\" alt=\"\" decoding=\"async\" loading=\"lazy\" aria-describedby=\"gallery-1-1102\" \/><\/a>\n\t\t\t<\/dt>\n\t\t\t\t<dd class='wp-caption-text gallery-caption' id='gallery-1-1102'>\n\t\t\t\tCAC K\u00f6sching 2015\n\t\t\t\t<\/dd><\/dl><dl class='gallery-item'>\n\t\t\t<dt class='gallery-icon landscape'>\n\t\t\t\t<a href='https:\/\/www.vom-raeuberschlag.de\/wp\/wp-content\/uploads\/2016\/08\/Rose-Wasser-1.gif' rel=\"lightbox[gallery-0]\"><img width=\"150\" height=\"150\" src=\"https:\/\/www.vom-raeuberschlag.de\/wp\/wp-content\/uploads\/2016\/08\/Rose-Wasser-1-150x150.gif\" class=\"attachment-thumbnail size-thumbnail\" alt=\"\" decoding=\"async\" loading=\"lazy\" \/><\/a>\n\t\t\t<\/dt><\/dl><dl class='gallery-item'>\n\t\t\t<dt class='gallery-icon landscape'>\n\t\t\t\t<a href='https:\/\/www.vom-raeuberschlag.de\/wp\/wp-content\/uploads\/2016\/08\/Rose-Wasser-2.gif' rel=\"lightbox[gallery-0]\"><img width=\"150\" height=\"150\" src=\"https:\/\/www.vom-raeuberschlag.de\/wp\/wp-content\/uploads\/2016\/08\/Rose-Wasser-2-150x150.gif\" class=\"attachment-thumbnail size-thumbnail\" alt=\"\" decoding=\"async\" loading=\"lazy\" \/><\/a>\n\t\t\t<\/dt><\/dl><dl class='gallery-item'>\n\t\t\t<dt class='gallery-icon landscape'>\n\t\t\t\t<a href='https:\/\/www.vom-raeuberschlag.de\/wp\/wp-content\/uploads\/2016\/08\/Rose-Wasser-3.gif' rel=\"lightbox[gallery-0]\"><img width=\"150\" height=\"150\" src=\"https:\/\/www.vom-raeuberschlag.de\/wp\/wp-content\/uploads\/2016\/08\/Rose-Wasser-3-150x150.gif\" class=\"attachment-thumbnail size-thumbnail\" alt=\"\" decoding=\"async\" loading=\"lazy\" \/><\/a>\n\t\t\t<\/dt><\/dl><br style=\"clear: both\" \/><dl class='gallery-item'>\n\t\t\t<dt class='gallery-icon landscape'>\n\t\t\t\t<a href='https:\/\/www.vom-raeuberschlag.de\/wp\/wp-content\/uploads\/2016\/08\/Rose-Wasser-5.gif' rel=\"lightbox[gallery-0]\"><img width=\"150\" height=\"150\" src=\"https:\/\/www.vom-raeuberschlag.de\/wp\/wp-content\/uploads\/2016\/08\/Rose-Wasser-5-150x150.gif\" class=\"attachment-thumbnail size-thumbnail\" alt=\"\" decoding=\"async\" loading=\"lazy\" \/><\/a>\n\t\t\t<\/dt><\/dl><dl class='gallery-item'>\n\t\t\t<dt class='gallery-icon landscape'>\n\t\t\t\t<a href='https:\/\/www.vom-raeuberschlag.de\/wp\/wp-content\/uploads\/2016\/08\/Rose-Wasser-6.gif' rel=\"lightbox[gallery-0]\"><img width=\"150\" height=\"150\" src=\"https:\/\/www.vom-raeuberschlag.de\/wp\/wp-content\/uploads\/2016\/08\/Rose-Wasser-6-150x150.gif\" class=\"attachment-thumbnail size-thumbnail\" alt=\"\" decoding=\"async\" loading=\"lazy\" \/><\/a>\n\t\t\t<\/dt><\/dl><dl class='gallery-item'>\n\t\t\t<dt class='gallery-icon landscape'>\n\t\t\t\t<a href='https:\/\/www.vom-raeuberschlag.de\/wp\/wp-content\/uploads\/2016\/08\/Rose-Wasser-4.gif' rel=\"lightbox[gallery-0]\"><img width=\"150\" height=\"150\" src=\"https:\/\/www.vom-raeuberschlag.de\/wp\/wp-content\/uploads\/2016\/08\/Rose-Wasser-4-150x150.gif\" class=\"attachment-thumbnail size-thumbnail\" alt=\"\" decoding=\"async\" loading=\"lazy\" \/><\/a>\n\t\t\t<\/dt><\/dl><dl class='gallery-item'>\n\t\t\t<dt class='gallery-icon landscape'>\n\t\t\t\t<a href='https:\/\/www.vom-raeuberschlag.de\/wp\/wp-content\/uploads\/2016\/08\/Rose-Wasser-7.gif' rel=\"lightbox[gallery-0]\"><img width=\"150\" height=\"150\" src=\"https:\/\/www.vom-raeuberschlag.de\/wp\/wp-content\/uploads\/2016\/08\/Rose-Wasser-7-150x150.gif\" class=\"attachment-thumbnail size-thumbnail\" alt=\"\" decoding=\"async\" loading=\"lazy\" \/><\/a>\n\t\t\t<\/dt><\/dl><dl class='gallery-item'>\n\t\t\t<dt class='gallery-icon landscape'>\n\t\t\t\t<a href='https:\/\/www.vom-raeuberschlag.de\/wp\/wp-content\/uploads\/2016\/08\/Rose-Wasser-8.gif' rel=\"lightbox[gallery-0]\"><img width=\"150\" height=\"150\" src=\"https:\/\/www.vom-raeuberschlag.de\/wp\/wp-content\/uploads\/2016\/08\/Rose-Wasser-8-150x150.gif\" class=\"attachment-thumbnail size-thumbnail\" alt=\"\" decoding=\"async\" loading=\"lazy\" \/><\/a>\n\t\t\t<\/dt><\/dl><br style=\"clear: both\" \/><dl class='gallery-item'>\n\t\t\t<dt class='gallery-icon landscape'>\n\t\t\t\t<a href='https:\/\/www.vom-raeuberschlag.de\/wp\/wp-content\/uploads\/2016\/08\/Rose-Wasser-9.gif' rel=\"lightbox[gallery-0]\"><img width=\"150\" height=\"150\" src=\"https:\/\/www.vom-raeuberschlag.de\/wp\/wp-content\/uploads\/2016\/08\/Rose-Wasser-9-150x150.gif\" class=\"attachment-thumbnail size-thumbnail\" alt=\"\" decoding=\"async\" loading=\"lazy\" \/><\/a>\n\t\t\t<\/dt><\/dl><dl class='gallery-item'>\n\t\t\t<dt class='gallery-icon portrait'>\n\t\t\t\t<a href='https:\/\/www.vom-raeuberschlag.de\/wp\/wp-content\/uploads\/2018\/10\/Rose-VGP-Zensurenblatt.jpg' rel=\"lightbox[gallery-0]\"><img width=\"150\" height=\"150\" src=\"https:\/\/www.vom-raeuberschlag.de\/wp\/wp-content\/uploads\/2018\/10\/Rose-VGP-Zensurenblatt-150x150.jpg\" class=\"attachment-thumbnail size-thumbnail\" alt=\"\" decoding=\"async\" loading=\"lazy\" \/><\/a>\n\t\t\t<\/dt><\/dl><dl class='gallery-item'>\n\t\t\t<dt class='gallery-icon portrait'>\n\t\t\t\t<a href='https:\/\/www.vom-raeuberschlag.de\/wp\/wp-content\/uploads\/2018\/10\/Rose-VGP-Urkunde.jpg' rel=\"lightbox[gallery-0]\"><img width=\"150\" height=\"150\" src=\"https:\/\/www.vom-raeuberschlag.de\/wp\/wp-content\/uploads\/2018\/10\/Rose-VGP-Urkunde-150x150.jpg\" class=\"attachment-thumbnail size-thumbnail\" alt=\"\" decoding=\"async\" loading=\"lazy\" \/><\/a>\n\t\t\t<\/dt><\/dl>\n\t\t\t<br style='clear: both' \/>\n\t\t<\/div>\n\n<p style=\"text-align: left;\">Rose wurde am 28.04.2014 in Brannenburg bei Helga und Gerhard Hesse im Zwinger &#8222;Coachman&#8217;s&#8220; geboren.<\/p>\n<p style=\"text-align: left;\">Sie zog mit 8 Wochen bei uns ein und seitdem steht nicht&#8217;s mehr da wo es stand bzw. stehen sollte. Blumen, Gie\u00dfkannen, Schuhe, K\u00fcchent\u00fccher usw. nicht&#8217;s ist von Rose sicher.<\/p>\n<p style=\"text-align: left;\">Sie ist der zweite Sonnenschein nach Ondra in unserem Rudel.<\/p>\n<p style=\"text-align: left;\">Rose hat ein vollzahniges Scherengebiss.<br \/>Auch beim HD-R\u00f6ntgen waren wir, die Auswertung ergab A1.<\/p>\n<p>Erster Formwert f\u00fcr die Zuchtzulassung &#8222;Vorz\u00fcglich&#8220;<br \/>und auch der zweite Formwert f\u00fcr die Zuchtzulassung ist &#8222;Vorz\u00fcglich&#8220;.<\/p>\n<p style=\"text-align: left;\">JAP beim GSCD\u00a0 mit\u00a0 Vorz\u00fcglich 16 Punkten<br \/>VJP beim JGV Oberfranken mit 75 Punkten\u00a0 &#8211; Suchensiegerin<br \/>JS beim\u00a0 Verein P &amp; S mit 68 Punkten<br \/>HAP beim GSCD mit Gut 9 Punkten<br \/>HAP beim GSCD mit Sehr Gut 15 Punkten<br \/>AZP mit lebender Ente beim Verein P &amp; S mit 177 Punkten<br \/>JuSH beim Verein P &amp; S mit 80 Punkten &#8211; Suchensiegerin<br \/>VGP beim JGV Oberfranken mit 328 Punkten im I. Preis<\/p>\n<p style=\"text-align: left;\">Somit haben wir jetzt alles n\u00f6tige zusammen und k\u00f6nnen die uneingeschr\u00e4nkte Zuchttauglichkeit beantragen.<\/p>\n<p>Mit Rose haben wir einen sehr sch\u00f6nen Wurf gro\u00dfgezogen.<\/p>\n<p>Leider konnten wir mit unserer Rose keinen weiteren Wurf ziehen, da sie zwar in ihre L\u00e4ufigkeiten kam, aber keinen Eisprung mehr hatte. Bei der Kastration der H\u00fcndin wurde festgestellt, das auf beiden Eierstocken Tumore gewachsen waren. Deshalb wird es bei uns keine Gordon Setter Welpen mehr geben.<\/p>\n<p>Wir sind sehr froh, dass es Rose auch jetzt mit knapp 8 Jahren noch sehr gut geht. Sie ist der Fels f\u00fcr mich auf Treib- und Entenjagden. Sie apportiert auf diesen Jagden immer zuverl\u00e4ssig, sicher und mit voller Stolz. Ich bin froh, sie zu haben.\u00a0<\/p>\n\n\n<p><\/p>\n","protected":false},"excerpt":{"rendered":"<p>\u00a0 Rose wurde am 28.04.2014 in Brannenburg bei Helga und Gerhard Hesse im Zwinger &#8222;Coachman&#8217;s&#8220; geboren. Sie zog mit 8 Wochen bei uns ein und seitdem steht nicht&#8217;s mehr da wo es stand bzw. stehen sollte. Blumen, Gie\u00dfkannen, Schuhe, K\u00fcchent\u00fccher <span class=\"excerpt-dots\">&hellip;<\/span> <a class=\"more-link\" href=\"https:\/\/www.vom-raeuberschlag.de\/wp\/?page_id=190\"><span class=\"more-msg\">Weiterlesen &rarr;<\/span><\/a><\/p>\n","protected":false},"author":2,"featured_media":0,"parent":36,"menu_order":2,"comment_status":"closed","ping_status":"closed","template":"","meta":[],"_links":{"self":[{"href":"https:\/\/www.vom-raeuberschlag.de\/wp\/index.php?rest_route=\/wp\/v2\/pages\/190"}],"collection":[{"href":"https:\/\/www.vom-raeuberschlag.de\/wp\/index.php?rest_route=\/wp\/v2\/pages"}],"about":[{"href":"https:\/\/www.vom-raeuberschlag.de\/wp\/index.php?rest_route=\/wp\/v2\/types\/page"}],"author":[{"embeddable":true,"href":"https:\/\/www.vom-raeuberschlag.de\/wp\/index.php?rest_route=\/wp\/v2\/users\/2"}],"replies":[{"embeddable":true,"href":"https:\/\/www.vom-raeuberschlag.de\/wp\/index.php?rest_route=%2Fwp%2Fv2%2Fcomments&post=190"}],"version-history":[{"count":19,"href":"https:\/\/www.vom-raeuberschlag.de\/wp\/index.php?rest_route=\/wp\/v2\/pages\/190\/revisions"}],"predecessor-version":[{"id":3465,"href":"https:\/\/www.vom-raeuberschlag.de\/wp\/index.php?rest_route=\/wp\/v2\/pages\/190\/revisions\/3465"}],"up":[{"embeddable":true,"href":"https:\/\/www.vom-raeuberschlag.de\/wp\/index.php?rest_route=\/wp\/v2\/pages\/36"}],"wp:attachment":[{"href":"https:\/\/www.vom-raeuberschlag.de\/wp\/index.php?rest_route=%2Fwp%2Fv2%2Fmedia&parent=190"}],"curies":[{"name":"wp","href":"https:\/\/api.w.org\/{rel}","templated":true}]}}