{"id":176,"date":"2015-02-23T10:16:47","date_gmt":"2015-02-23T09:16:47","guid":{"rendered":"http:\/\/www.vom-raeuberschlag.de\/wp\/?page_id=176"},"modified":"2017-01-20T10:15:40","modified_gmt":"2017-01-20T09:15:40","slug":"alice-vom-raeuberschlag","status":"publish","type":"page","link":"https:\/\/www.vom-raeuberschlag.de\/wp\/?page_id=176","title":{"rendered":"Alice vom R\u00e4uberschlag"},"content":{"rendered":"\n\t\t<style type=\"text\/css\">\n\t\t\t#gallery-1 {\n\t\t\t\tmargin: auto;\n\t\t\t}\n\t\t\t#gallery-1 .gallery-item {\n\t\t\t\tfloat: left;\n\t\t\t\tmargin-top: 10px;\n\t\t\t\ttext-align: center;\n\t\t\t\twidth: 20%;\n\t\t\t}\n\t\t\t#gallery-1 img {\n\t\t\t\tborder: 2px solid #cfcfcf;\n\t\t\t}\n\t\t\t#gallery-1 .gallery-caption {\n\t\t\t\tmargin-left: 0;\n\t\t\t}\n\t\t\t\/* see gallery_shortcode() in wp-includes\/media.php *\/\n\t\t<\/style>\n\t\t<div id='gallery-1' class='gallery galleryid-176 gallery-columns-5 gallery-size-thumbnail'><dl class='gallery-item'>\n\t\t\t<dt class='gallery-icon landscape'>\n\t\t\t\t<a href='https:\/\/www.vom-raeuberschlag.de\/wp\/wp-content\/uploads\/2015\/02\/Alice-01.jpg' rel=\"lightbox[gallery-0]\"><img width=\"150\" height=\"150\" src=\"https:\/\/www.vom-raeuberschlag.de\/wp\/wp-content\/uploads\/2015\/02\/Alice-01-150x150.jpg\" class=\"attachment-thumbnail size-thumbnail\" alt=\"\" decoding=\"async\" loading=\"lazy\" \/><\/a>\n\t\t\t<\/dt><\/dl><dl class='gallery-item'>\n\t\t\t<dt class='gallery-icon landscape'>\n\t\t\t\t<a href='https:\/\/www.vom-raeuberschlag.de\/wp\/wp-content\/uploads\/2015\/02\/Alice-02.jpg' rel=\"lightbox[gallery-0]\"><img width=\"150\" height=\"150\" src=\"https:\/\/www.vom-raeuberschlag.de\/wp\/wp-content\/uploads\/2015\/02\/Alice-02-150x150.jpg\" class=\"attachment-thumbnail size-thumbnail\" alt=\"\" decoding=\"async\" loading=\"lazy\" \/><\/a>\n\t\t\t<\/dt><\/dl><dl class='gallery-item'>\n\t\t\t<dt class='gallery-icon landscape'>\n\t\t\t\t<a href='https:\/\/www.vom-raeuberschlag.de\/wp\/wp-content\/uploads\/2015\/02\/Alice-03.jpg' rel=\"lightbox[gallery-0]\"><img width=\"150\" height=\"150\" src=\"https:\/\/www.vom-raeuberschlag.de\/wp\/wp-content\/uploads\/2015\/02\/Alice-03-150x150.jpg\" class=\"attachment-thumbnail size-thumbnail\" alt=\"\" decoding=\"async\" loading=\"lazy\" \/><\/a>\n\t\t\t<\/dt><\/dl><dl class='gallery-item'>\n\t\t\t<dt class='gallery-icon landscape'>\n\t\t\t\t<a href='https:\/\/www.vom-raeuberschlag.de\/wp\/wp-content\/uploads\/2015\/02\/Alice-04.jpg' rel=\"lightbox[gallery-0]\"><img width=\"150\" height=\"150\" src=\"https:\/\/www.vom-raeuberschlag.de\/wp\/wp-content\/uploads\/2015\/02\/Alice-04-150x150.jpg\" class=\"attachment-thumbnail size-thumbnail\" alt=\"\" decoding=\"async\" loading=\"lazy\" \/><\/a>\n\t\t\t<\/dt><\/dl><dl class='gallery-item'>\n\t\t\t<dt class='gallery-icon landscape'>\n\t\t\t\t<a href='https:\/\/www.vom-raeuberschlag.de\/wp\/wp-content\/uploads\/2015\/02\/Alice-05.jpg' rel=\"lightbox[gallery-0]\"><img width=\"150\" height=\"150\" src=\"https:\/\/www.vom-raeuberschlag.de\/wp\/wp-content\/uploads\/2015\/02\/Alice-05-150x150.jpg\" class=\"attachment-thumbnail size-thumbnail\" alt=\"\" decoding=\"async\" loading=\"lazy\" \/><\/a>\n\t\t\t<\/dt><\/dl><br style=\"clear: both\" \/><dl class='gallery-item'>\n\t\t\t<dt class='gallery-icon landscape'>\n\t\t\t\t<a href='https:\/\/www.vom-raeuberschlag.de\/wp\/wp-content\/uploads\/2015\/02\/Alice-06.jpg' rel=\"lightbox[gallery-0]\"><img width=\"150\" height=\"150\" src=\"https:\/\/www.vom-raeuberschlag.de\/wp\/wp-content\/uploads\/2015\/02\/Alice-06-150x150.jpg\" class=\"attachment-thumbnail size-thumbnail\" alt=\"\" decoding=\"async\" loading=\"lazy\" \/><\/a>\n\t\t\t<\/dt><\/dl><dl class='gallery-item'>\n\t\t\t<dt class='gallery-icon landscape'>\n\t\t\t\t<a href='https:\/\/www.vom-raeuberschlag.de\/wp\/wp-content\/uploads\/2015\/02\/Alice-07.jpg' rel=\"lightbox[gallery-0]\"><img width=\"150\" height=\"150\" src=\"https:\/\/www.vom-raeuberschlag.de\/wp\/wp-content\/uploads\/2015\/02\/Alice-07-150x150.jpg\" class=\"attachment-thumbnail size-thumbnail\" alt=\"\" decoding=\"async\" loading=\"lazy\" \/><\/a>\n\t\t\t<\/dt><\/dl><dl class='gallery-item'>\n\t\t\t<dt class='gallery-icon landscape'>\n\t\t\t\t<a href='https:\/\/www.vom-raeuberschlag.de\/wp\/wp-content\/uploads\/2015\/02\/Alice-09.jpg' rel=\"lightbox[gallery-0]\"><img width=\"150\" height=\"150\" src=\"https:\/\/www.vom-raeuberschlag.de\/wp\/wp-content\/uploads\/2015\/02\/Alice-09-150x150.jpg\" class=\"attachment-thumbnail size-thumbnail\" alt=\"\" decoding=\"async\" loading=\"lazy\" \/><\/a>\n\t\t\t<\/dt><\/dl><dl class='gallery-item'>\n\t\t\t<dt class='gallery-icon landscape'>\n\t\t\t\t<a href='https:\/\/www.vom-raeuberschlag.de\/wp\/wp-content\/uploads\/2015\/02\/Alice-10.jpg' rel=\"lightbox[gallery-0]\"><img width=\"150\" height=\"150\" src=\"https:\/\/www.vom-raeuberschlag.de\/wp\/wp-content\/uploads\/2015\/02\/Alice-10-150x150.jpg\" class=\"attachment-thumbnail size-thumbnail\" alt=\"\" decoding=\"async\" loading=\"lazy\" \/><\/a>\n\t\t\t<\/dt><\/dl><dl class='gallery-item'>\n\t\t\t<dt class='gallery-icon landscape'>\n\t\t\t\t<a href='https:\/\/www.vom-raeuberschlag.de\/wp\/wp-content\/uploads\/2015\/02\/Alice-11.jpg' rel=\"lightbox[gallery-0]\"><img width=\"150\" height=\"150\" src=\"https:\/\/www.vom-raeuberschlag.de\/wp\/wp-content\/uploads\/2015\/02\/Alice-11-150x150.jpg\" class=\"attachment-thumbnail size-thumbnail\" alt=\"\" decoding=\"async\" loading=\"lazy\" \/><\/a>\n\t\t\t<\/dt><\/dl><br style=\"clear: both\" \/><dl class='gallery-item'>\n\t\t\t<dt class='gallery-icon landscape'>\n\t\t\t\t<a href='https:\/\/www.vom-raeuberschlag.de\/wp\/wp-content\/uploads\/2015\/02\/Alice-12.jpg' rel=\"lightbox[gallery-0]\"><img width=\"150\" height=\"150\" src=\"https:\/\/www.vom-raeuberschlag.de\/wp\/wp-content\/uploads\/2015\/02\/Alice-12-150x150.jpg\" class=\"attachment-thumbnail size-thumbnail\" alt=\"\" decoding=\"async\" loading=\"lazy\" \/><\/a>\n\t\t\t<\/dt><\/dl><dl class='gallery-item'>\n\t\t\t<dt class='gallery-icon landscape'>\n\t\t\t\t<a href='https:\/\/www.vom-raeuberschlag.de\/wp\/wp-content\/uploads\/2015\/02\/Alice-13.jpg' rel=\"lightbox[gallery-0]\"><img width=\"150\" height=\"150\" src=\"https:\/\/www.vom-raeuberschlag.de\/wp\/wp-content\/uploads\/2015\/02\/Alice-13-150x150.jpg\" class=\"attachment-thumbnail size-thumbnail\" alt=\"\" decoding=\"async\" loading=\"lazy\" \/><\/a>\n\t\t\t<\/dt><\/dl><dl class='gallery-item'>\n\t\t\t<dt class='gallery-icon landscape'>\n\t\t\t\t<a href='https:\/\/www.vom-raeuberschlag.de\/wp\/wp-content\/uploads\/2015\/02\/Alice-14.jpg' rel=\"lightbox[gallery-0]\"><img width=\"150\" height=\"150\" src=\"https:\/\/www.vom-raeuberschlag.de\/wp\/wp-content\/uploads\/2015\/02\/Alice-14-150x150.jpg\" class=\"attachment-thumbnail size-thumbnail\" alt=\"\" decoding=\"async\" loading=\"lazy\" \/><\/a>\n\t\t\t<\/dt><\/dl><dl class='gallery-item'>\n\t\t\t<dt class='gallery-icon landscape'>\n\t\t\t\t<a href='https:\/\/www.vom-raeuberschlag.de\/wp\/wp-content\/uploads\/2015\/02\/Alice-15.jpg' rel=\"lightbox[gallery-0]\"><img width=\"150\" height=\"150\" src=\"https:\/\/www.vom-raeuberschlag.de\/wp\/wp-content\/uploads\/2015\/02\/Alice-15-150x150.jpg\" class=\"attachment-thumbnail size-thumbnail\" alt=\"\" decoding=\"async\" loading=\"lazy\" \/><\/a>\n\t\t\t<\/dt><\/dl><dl class='gallery-item'>\n\t\t\t<dt class='gallery-icon landscape'>\n\t\t\t\t<a href='https:\/\/www.vom-raeuberschlag.de\/wp\/wp-content\/uploads\/2015\/02\/Alice-16.jpg' rel=\"lightbox[gallery-0]\"><img width=\"150\" height=\"150\" src=\"https:\/\/www.vom-raeuberschlag.de\/wp\/wp-content\/uploads\/2015\/02\/Alice-16-150x150.jpg\" class=\"attachment-thumbnail size-thumbnail\" alt=\"\" decoding=\"async\" loading=\"lazy\" \/><\/a>\n\t\t\t<\/dt><\/dl><br style=\"clear: both\" \/><dl class='gallery-item'>\n\t\t\t<dt class='gallery-icon landscape'>\n\t\t\t\t<a href='https:\/\/www.vom-raeuberschlag.de\/wp\/wp-content\/uploads\/2015\/02\/Alice-17.jpg' rel=\"lightbox[gallery-0]\"><img width=\"150\" height=\"150\" src=\"https:\/\/www.vom-raeuberschlag.de\/wp\/wp-content\/uploads\/2015\/02\/Alice-17-150x150.jpg\" class=\"attachment-thumbnail size-thumbnail\" alt=\"\" decoding=\"async\" loading=\"lazy\" aria-describedby=\"gallery-1-334\" \/><\/a>\n\t\t\t<\/dt>\n\t\t\t\t<dd class='wp-caption-text gallery-caption' id='gallery-1-334'>\n\t\t\t\tVSwP I.\/\n\t\t\t\t<\/dd><\/dl><dl class='gallery-item'>\n\t\t\t<dt class='gallery-icon portrait'>\n\t\t\t\t<a href='https:\/\/www.vom-raeuberschlag.de\/wp\/wp-content\/uploads\/2015\/02\/Alice-Clubsieger-1.jpg' rel=\"lightbox[gallery-0]\"><img width=\"150\" height=\"150\" src=\"https:\/\/www.vom-raeuberschlag.de\/wp\/wp-content\/uploads\/2015\/02\/Alice-Clubsieger-1-150x150.jpg\" class=\"attachment-thumbnail size-thumbnail\" alt=\"\" decoding=\"async\" loading=\"lazy\" aria-describedby=\"gallery-1-335\" \/><\/a>\n\t\t\t<\/dt>\n\t\t\t\t<dd class='wp-caption-text gallery-caption' id='gallery-1-335'>\n\t\t\t\tClubsiegerin 2012\n\t\t\t\t<\/dd><\/dl><dl class='gallery-item'>\n\t\t\t<dt class='gallery-icon portrait'>\n\t\t\t\t<a href='https:\/\/www.vom-raeuberschlag.de\/wp\/wp-content\/uploads\/2015\/02\/Alice-Clubsieger2.jpg' rel=\"lightbox[gallery-0]\"><img width=\"150\" height=\"150\" src=\"https:\/\/www.vom-raeuberschlag.de\/wp\/wp-content\/uploads\/2015\/02\/Alice-Clubsieger2-150x150.jpg\" class=\"attachment-thumbnail size-thumbnail\" alt=\"\" decoding=\"async\" loading=\"lazy\" aria-describedby=\"gallery-1-336\" \/><\/a>\n\t\t\t<\/dt>\n\t\t\t\t<dd class='wp-caption-text gallery-caption' id='gallery-1-336'>\n\t\t\t\tClubsiegerin 2012\n\t\t\t\t<\/dd><\/dl>\n\t\t\t<br style='clear: both' \/>\n\t\t<\/div>\n\n<p>Alice war eine Tochter aus dem 1. Wurf von Acey. Sie wurde mit nur 105 g bei uns geboren und war die Kleinste im Wurf. Unsere kleine K\u00e4mpferin hat gelernt, was es hei\u00dft sich durchzusetzen, was ihr auch bis zum Schluss geblieben ist. Alice war inzwischen in Rente und genoss ihr dasein als Oma. Sie ging mit knapp 12 Jahren, viel zu fr\u00fch f\u00fcr uns, am 16.01.2017 \u00fcber die Regenbogenbr\u00fccke.<\/p>\n<p>Alice wurde von uns auf Pr\u00fcfungen wie folgt erfolgreich gef\u00fchrt:<br \/>\nWesenstest<br \/>\nJunghundpr\u00fcfung (sil)\u00a0\u00a0\u00a0\u00a0\u00a0\u00a0 98 Pkt.\u00a0\u00a0\u00a0\u00a0\u00a0II. Preis<br \/>\nBaupr\u00fcfung\u00a0\u00a0\u00a0\u00a0\u00a0\u00a0\u00a0\u00a0\u00a0\u00a0\u00a0\u00a0\u00a0\u00a0\u00a0\u00a0\u00a0 \u00a0 \u00a0\u00a0\u00a0 90 Pkt.\u00a0 \u00a0 \u00a0 I. Preis<br \/>\nZuchtpr\u00fcfung (spl)\u00a0\u00a0\u00a0\u00a0\u00a0\u00a0\u00a0\u00a0\u00a0\u00a0 126 Pkt. \u00a0\u00a0 II. Preis<br \/>\nGebrauchspr\u00fcfung\u00a0\u00a0\u00a0\u00a0\u00a0\u00a0\u00a0\u00a0\u00a0\u00a0\u00a0 268 Pkt.\u00a0\u00a0 \u00a0 I. Preis<br \/>\nInternationale Baupr\u00fcfung Slowakei<br \/>\nInternationale Baupr\u00fcfung Serbien<br \/>\nVerbandsschwei\u00dfpr\u00fcfung I.\/<\/p>\n<p style=\"text-align: left;\">Auch sie\u00a0durfte durch ihre gezeigten sehr guten\u00a0Leistungen auf den Pr\u00fcfungen wie ihr Opa DJ und ihre Mutter Acey\u00a0den Titel <strong>Gebrauchssieger<\/strong> f\u00fchren.<\/p>\n<p style=\"text-align: center;\">Auch in der jagdlichen Praxis \u00fcberzeugte sie und erreichte dadurch die\u00a0Naturleistungszeichen mit nur 7 Monaten:<br \/>\nSaujager<br \/>\nLautjager<\/p>\n<p style=\"text-align: center;\">Schulterh\u00f6he 33 cm<br \/>\nBrustumfang 47 cm<br \/>\nScherengebiss P 4\u00a0unten links\u00a0fehlt<br \/>\nFormwert: Sehr gut<br \/>\nPL 0<br \/>\nPRA 0<br \/>\nLL 0<br \/>\nKatarakt 0<br \/>\nDNA getestet<br \/>\nDNA-PLL: -\/- (frei)<br \/>\nAudiometrie ohne Befund<\/p>\n<p style=\"text-align: center;\">Zus\u00e4tzlich darf sie noch folgende Sch\u00f6nheitstitel f\u00fchren:<br \/>\nDeutscher Jugend-Champion PRTCD<br \/>\nDeutscher Champion PRTCD<br \/>\nDeutscher Champion VDH<br \/>\nDeutscher Veteranen Champion PRTCD<br \/>\nDeutscher Veteranen Champion VDH<\/p>\n<p style=\"text-align: center;\">Mit stolzen 7 Jahren holte sie sich noch den Titel<br \/>\n<strong>Clubsiegerin 2012<\/strong><br \/>\nund lie\u00df die Jungen Alt aussehen.<\/p>\n<p style=\"text-align: center;\">Mit guten 10 Jahren gewinnt sie den Titel<br \/>\n<strong>German Veteranen Winner 2015<\/strong>.<\/p>\n","protected":false},"excerpt":{"rendered":"<p>Alice war eine Tochter aus dem 1. Wurf von Acey. Sie wurde mit nur 105 g bei uns geboren und war die Kleinste im Wurf. Unsere kleine K\u00e4mpferin hat gelernt, was es hei\u00dft sich durchzusetzen, was ihr auch bis zum <span class=\"excerpt-dots\">&hellip;<\/span> <a class=\"more-link\" href=\"https:\/\/www.vom-raeuberschlag.de\/wp\/?page_id=176\"><span class=\"more-msg\">Weiterlesen &rarr;<\/span><\/a><\/p>\n","protected":false},"author":2,"featured_media":0,"parent":665,"menu_order":65,"comment_status":"closed","ping_status":"closed","template":"","meta":[],"_links":{"self":[{"href":"https:\/\/www.vom-raeuberschlag.de\/wp\/index.php?rest_route=\/wp\/v2\/pages\/176"}],"collection":[{"href":"https:\/\/www.vom-raeuberschlag.de\/wp\/index.php?rest_route=\/wp\/v2\/pages"}],"about":[{"href":"https:\/\/www.vom-raeuberschlag.de\/wp\/index.php?rest_route=\/wp\/v2\/types\/page"}],"author":[{"embeddable":true,"href":"https:\/\/www.vom-raeuberschlag.de\/wp\/index.php?rest_route=\/wp\/v2\/users\/2"}],"replies":[{"embeddable":true,"href":"https:\/\/www.vom-raeuberschlag.de\/wp\/index.php?rest_route=%2Fwp%2Fv2%2Fcomments&post=176"}],"version-history":[{"count":20,"href":"https:\/\/www.vom-raeuberschlag.de\/wp\/index.php?rest_route=\/wp\/v2\/pages\/176\/revisions"}],"predecessor-version":[{"id":1851,"href":"https:\/\/www.vom-raeuberschlag.de\/wp\/index.php?rest_route=\/wp\/v2\/pages\/176\/revisions\/1851"}],"up":[{"embeddable":true,"href":"https:\/\/www.vom-raeuberschlag.de\/wp\/index.php?rest_route=\/wp\/v2\/pages\/665"}],"wp:attachment":[{"href":"https:\/\/www.vom-raeuberschlag.de\/wp\/index.php?rest_route=%2Fwp%2Fv2%2Fmedia&parent=176"}],"curies":[{"name":"wp","href":"https:\/\/api.w.org\/{rel}","templated":true}]}}