{"id":172,"date":"2015-02-23T10:16:10","date_gmt":"2015-02-23T09:16:10","guid":{"rendered":"http:\/\/www.vom-raeuberschlag.de\/wp\/?page_id=172"},"modified":"2015-09-28T14:18:09","modified_gmt":"2015-09-28T12:18:09","slug":"dj-vom-mahdenwald","status":"publish","type":"page","link":"https:\/\/www.vom-raeuberschlag.de\/wp\/?page_id=172","title":{"rendered":"DJ vom Mahdenwald"},"content":{"rendered":"\n\t\t<style type=\"text\/css\">\n\t\t\t#gallery-1 {\n\t\t\t\tmargin: auto;\n\t\t\t}\n\t\t\t#gallery-1 .gallery-item {\n\t\t\t\tfloat: left;\n\t\t\t\tmargin-top: 10px;\n\t\t\t\ttext-align: center;\n\t\t\t\twidth: 20%;\n\t\t\t}\n\t\t\t#gallery-1 img {\n\t\t\t\tborder: 2px solid #cfcfcf;\n\t\t\t}\n\t\t\t#gallery-1 .gallery-caption {\n\t\t\t\tmargin-left: 0;\n\t\t\t}\n\t\t\t\/* see gallery_shortcode() in wp-includes\/media.php *\/\n\t\t<\/style>\n\t\t<div id='gallery-1' class='gallery galleryid-172 gallery-columns-5 gallery-size-thumbnail'><dl class='gallery-item'>\n\t\t\t<dt class='gallery-icon portrait'>\n\t\t\t\t<a href='https:\/\/www.vom-raeuberschlag.de\/wp\/wp-content\/uploads\/2015\/02\/DJ-01.jpg' rel=\"lightbox[gallery-0]\"><img width=\"150\" height=\"150\" src=\"https:\/\/www.vom-raeuberschlag.de\/wp\/wp-content\/uploads\/2015\/02\/DJ-01-150x150.jpg\" class=\"attachment-thumbnail size-thumbnail\" alt=\"\" decoding=\"async\" loading=\"lazy\" \/><\/a>\n\t\t\t<\/dt><\/dl><dl class='gallery-item'>\n\t\t\t<dt class='gallery-icon landscape'>\n\t\t\t\t<a href='https:\/\/www.vom-raeuberschlag.de\/wp\/wp-content\/uploads\/2015\/02\/DJ-02.jpg' rel=\"lightbox[gallery-0]\"><img width=\"150\" height=\"150\" src=\"https:\/\/www.vom-raeuberschlag.de\/wp\/wp-content\/uploads\/2015\/02\/DJ-02-150x150.jpg\" class=\"attachment-thumbnail size-thumbnail\" alt=\"\" decoding=\"async\" loading=\"lazy\" \/><\/a>\n\t\t\t<\/dt><\/dl><dl class='gallery-item'>\n\t\t\t<dt class='gallery-icon landscape'>\n\t\t\t\t<a href='https:\/\/www.vom-raeuberschlag.de\/wp\/wp-content\/uploads\/2015\/02\/DJ-03.jpg' rel=\"lightbox[gallery-0]\"><img width=\"150\" height=\"150\" src=\"https:\/\/www.vom-raeuberschlag.de\/wp\/wp-content\/uploads\/2015\/02\/DJ-03-150x150.jpg\" class=\"attachment-thumbnail size-thumbnail\" alt=\"\" decoding=\"async\" loading=\"lazy\" \/><\/a>\n\t\t\t<\/dt><\/dl><dl class='gallery-item'>\n\t\t\t<dt class='gallery-icon landscape'>\n\t\t\t\t<a href='https:\/\/www.vom-raeuberschlag.de\/wp\/wp-content\/uploads\/2015\/02\/DJ-04.jpg' rel=\"lightbox[gallery-0]\"><img width=\"150\" height=\"150\" src=\"https:\/\/www.vom-raeuberschlag.de\/wp\/wp-content\/uploads\/2015\/02\/DJ-04-150x150.jpg\" class=\"attachment-thumbnail size-thumbnail\" alt=\"\" decoding=\"async\" loading=\"lazy\" \/><\/a>\n\t\t\t<\/dt><\/dl><dl class='gallery-item'>\n\t\t\t<dt class='gallery-icon landscape'>\n\t\t\t\t<a href='https:\/\/www.vom-raeuberschlag.de\/wp\/wp-content\/uploads\/2015\/02\/DJ-05.jpg' rel=\"lightbox[gallery-0]\"><img width=\"150\" height=\"150\" src=\"https:\/\/www.vom-raeuberschlag.de\/wp\/wp-content\/uploads\/2015\/02\/DJ-05-150x150.jpg\" class=\"attachment-thumbnail size-thumbnail\" alt=\"\" decoding=\"async\" loading=\"lazy\" \/><\/a>\n\t\t\t<\/dt><\/dl><br style=\"clear: both\" \/><dl class='gallery-item'>\n\t\t\t<dt class='gallery-icon landscape'>\n\t\t\t\t<a href='https:\/\/www.vom-raeuberschlag.de\/wp\/wp-content\/uploads\/2015\/02\/DJ-06.jpg' rel=\"lightbox[gallery-0]\"><img width=\"150\" height=\"150\" src=\"https:\/\/www.vom-raeuberschlag.de\/wp\/wp-content\/uploads\/2015\/02\/DJ-06-150x150.jpg\" class=\"attachment-thumbnail size-thumbnail\" alt=\"\" decoding=\"async\" loading=\"lazy\" \/><\/a>\n\t\t\t<\/dt><\/dl><dl class='gallery-item'>\n\t\t\t<dt class='gallery-icon landscape'>\n\t\t\t\t<a href='https:\/\/www.vom-raeuberschlag.de\/wp\/wp-content\/uploads\/2015\/02\/DJ-07.jpg' rel=\"lightbox[gallery-0]\"><img width=\"150\" height=\"150\" src=\"https:\/\/www.vom-raeuberschlag.de\/wp\/wp-content\/uploads\/2015\/02\/DJ-07-150x150.jpg\" class=\"attachment-thumbnail size-thumbnail\" alt=\"\" decoding=\"async\" loading=\"lazy\" \/><\/a>\n\t\t\t<\/dt><\/dl><dl class='gallery-item'>\n\t\t\t<dt class='gallery-icon landscape'>\n\t\t\t\t<a href='https:\/\/www.vom-raeuberschlag.de\/wp\/wp-content\/uploads\/2015\/02\/DJ-08.jpg' rel=\"lightbox[gallery-0]\"><img width=\"150\" height=\"150\" src=\"https:\/\/www.vom-raeuberschlag.de\/wp\/wp-content\/uploads\/2015\/02\/DJ-08-150x150.jpg\" class=\"attachment-thumbnail size-thumbnail\" alt=\"\" decoding=\"async\" loading=\"lazy\" \/><\/a>\n\t\t\t<\/dt><\/dl><dl class='gallery-item'>\n\t\t\t<dt class='gallery-icon landscape'>\n\t\t\t\t<a href='https:\/\/www.vom-raeuberschlag.de\/wp\/wp-content\/uploads\/2015\/02\/DJ-09.jpg' rel=\"lightbox[gallery-0]\"><img width=\"150\" height=\"150\" src=\"https:\/\/www.vom-raeuberschlag.de\/wp\/wp-content\/uploads\/2015\/02\/DJ-09-150x150.jpg\" class=\"attachment-thumbnail size-thumbnail\" alt=\"\" decoding=\"async\" loading=\"lazy\" \/><\/a>\n\t\t\t<\/dt><\/dl><dl class='gallery-item'>\n\t\t\t<dt class='gallery-icon landscape'>\n\t\t\t\t<a href='https:\/\/www.vom-raeuberschlag.de\/wp\/wp-content\/uploads\/2015\/02\/DJ-10.jpg' rel=\"lightbox[gallery-0]\"><img width=\"150\" height=\"150\" src=\"https:\/\/www.vom-raeuberschlag.de\/wp\/wp-content\/uploads\/2015\/02\/DJ-10-150x150.jpg\" class=\"attachment-thumbnail size-thumbnail\" alt=\"\" decoding=\"async\" loading=\"lazy\" \/><\/a>\n\t\t\t<\/dt><\/dl><br style=\"clear: both\" \/><dl class='gallery-item'>\n\t\t\t<dt class='gallery-icon landscape'>\n\t\t\t\t<a href='https:\/\/www.vom-raeuberschlag.de\/wp\/wp-content\/uploads\/2015\/02\/DJ-11.jpg' rel=\"lightbox[gallery-0]\"><img width=\"150\" height=\"150\" src=\"https:\/\/www.vom-raeuberschlag.de\/wp\/wp-content\/uploads\/2015\/02\/DJ-11-150x150.jpg\" class=\"attachment-thumbnail size-thumbnail\" alt=\"\" decoding=\"async\" loading=\"lazy\" \/><\/a>\n\t\t\t<\/dt><\/dl><dl class='gallery-item'>\n\t\t\t<dt class='gallery-icon landscape'>\n\t\t\t\t<a href='https:\/\/www.vom-raeuberschlag.de\/wp\/wp-content\/uploads\/2015\/02\/DJ-12.jpg' rel=\"lightbox[gallery-0]\"><img width=\"150\" height=\"150\" src=\"https:\/\/www.vom-raeuberschlag.de\/wp\/wp-content\/uploads\/2015\/02\/DJ-12-150x150.jpg\" class=\"attachment-thumbnail size-thumbnail\" alt=\"\" decoding=\"async\" loading=\"lazy\" \/><\/a>\n\t\t\t<\/dt><\/dl><dl class='gallery-item'>\n\t\t\t<dt class='gallery-icon landscape'>\n\t\t\t\t<a href='https:\/\/www.vom-raeuberschlag.de\/wp\/wp-content\/uploads\/2015\/02\/DJ-13.jpg' rel=\"lightbox[gallery-0]\"><img width=\"150\" height=\"150\" src=\"https:\/\/www.vom-raeuberschlag.de\/wp\/wp-content\/uploads\/2015\/02\/DJ-13-150x150.jpg\" class=\"attachment-thumbnail size-thumbnail\" alt=\"\" decoding=\"async\" loading=\"lazy\" \/><\/a>\n\t\t\t<\/dt><\/dl><dl class='gallery-item'>\n\t\t\t<dt class='gallery-icon landscape'>\n\t\t\t\t<a href='https:\/\/www.vom-raeuberschlag.de\/wp\/wp-content\/uploads\/2015\/02\/DJ-14.jpg' rel=\"lightbox[gallery-0]\"><img width=\"150\" height=\"150\" src=\"https:\/\/www.vom-raeuberschlag.de\/wp\/wp-content\/uploads\/2015\/02\/DJ-14-150x150.jpg\" class=\"attachment-thumbnail size-thumbnail\" alt=\"\" decoding=\"async\" loading=\"lazy\" \/><\/a>\n\t\t\t<\/dt><\/dl>\n\t\t\t<br style='clear: both' \/>\n\t\t<\/div>\n\n<p>Eine \u00c4ra ging am 21.07.2015 zu Ende. Die Tierliebe zu einem Freund f\u00e4ngt da an, wo man das Leid beendet.<\/p>\n<p>DJ war der ersten Parson in meinem Leben, ein Ersatz f\u00fcr ihn wird es nie geben. Mit ihm fing meine Parson-Sucht an. DJ war der absolute Traumhund der f\u00fcr uns und auch f\u00fcr andere Z\u00fcchter der Grundstein f\u00fcr die Zucht war. DJ war mit seinen gut 15 Jahren selbstverst\u00e4ndlich bereits in seinem wohlverdienten Ruhestand.<\/p>\n<p>DJ war nicht nur auf Pr\u00fcfungen, sondern auch auf Ausstellungen sehr erfolgreich. Er war der ERSTE Parson Russell Terrier\u00a0den der Titel <strong>&#8222;Internationaler Sch\u00f6nheitschampion FCI&#8220;<\/strong> zuerkannt worden ist.<\/p>\n<p>DJ&#8217;s erfolgreiche Pr\u00fcfungskarriere:<br \/>\nWesenstest<br \/>\nJunghundpr\u00fcfung (spl)\u00a0\u00a0\u00a0130 Pkt.\u00a0\u00a0\u00a0\u00a0\u00a0I. Preis<br \/>\nBaupr\u00fcfung \u00a0 \u00a0\u00a0\u00a0\u00a0\u00a0\u00a0\u00a0\u00a0\u00a0\u00a0\u00a0\u00a0\u00a0\u00a0\u00a0\u00a0\u00a0 100 Pkt.\u00a0\u00a0\u00a0\u00a0\u00a0I. Preis<br \/>\nZuchtpr\u00fcfung (spl)\u00a0\u00a0\u00a0\u00a0\u00a0\u00a0\u00a0\u00a0\u00a0 127 Pkt.\u00a0\u00a0 \u00a0II. Preis<br \/>\nGebrauchspr\u00fcfung\u00a0\u00a0\u00a0\u00a0\u00a0\u00a0\u00a0\u00a0\u00a0\u00a0 295 Pkt.\u00a0\u00a0III. Preis<br \/>\nVerbandsschwei\u00dfpr\u00fcfung II.\/II.<br \/>\nVerbandsf\u00e4hrtenschuhpr\u00fcfung I.\/<br \/>\nBringtreuepr\u00fcfung (Erster gef\u00fchrter Parson)<\/p>\n<p>DJ war der erste in unserer Galerie der sich aufgrund seiner\u00a0gezeigten au\u00dfergew\u00f6hnlich\u00a0guten\u00a0Leistungen auf den Pr\u00fcfungen den Titel <strong>Gebrauchssieger<\/strong> holte und f\u00fchren darf.<\/p>\n<p style=\"text-align: center;\">Auch in der jagdlichen Praxis hat er uns nie im Stich gelassen und konnte in seiner aktiven Zeit folgen\u00a0Naturleistungszeichen machen:<\/p>\n<p>Saujager<br \/>\nErdhund Fuchs<br \/>\nH\u00e4rtenachweis<\/p>\n<p style=\"text-align: center;\">Schulterh\u00f6he 36,5 cm<br \/>\nBrustumfang 46 cm<br \/>\nvollzahniges Scherengebiss<br \/>\nFormwert:\u00a0Vorz\u00fcglich<br \/>\nPL 0<br \/>\nPRA 0<br \/>\nLL 0<br \/>\nKatarakt 0<br \/>\nDNA getestet<br \/>\nDNA-PLL: -\/- (frei)<br \/>\nAudiometrie ohne Befund<\/p>\n<p style=\"text-align: center;\">Und zum guten Schluss noch seine Sch\u00f6nheitstitel die er F\u00fchren darf:<br \/>\nDeutscher Jugend-Champion PRTCD<br \/>\nDeutscher Champion PRTCD<br \/>\nDeutscher Champion VDH<br \/>\nTschechischer Champion<br \/>\nInternationaler Sch\u00f6nheitschampion<br \/>\nDeutscher Veteranen Champion VDH<\/p>\n","protected":false},"excerpt":{"rendered":"<p>Eine \u00c4ra ging am 21.07.2015 zu Ende. Die Tierliebe zu einem Freund f\u00e4ngt da an, wo man das Leid beendet. DJ war der ersten Parson in meinem Leben, ein Ersatz f\u00fcr ihn wird es nie geben. Mit ihm fing meine <span class=\"excerpt-dots\">&hellip;<\/span> <a class=\"more-link\" href=\"https:\/\/www.vom-raeuberschlag.de\/wp\/?page_id=172\"><span class=\"more-msg\">Weiterlesen &rarr;<\/span><\/a><\/p>\n","protected":false},"author":2,"featured_media":0,"parent":665,"menu_order":66,"comment_status":"closed","ping_status":"closed","template":"","meta":[],"_links":{"self":[{"href":"https:\/\/www.vom-raeuberschlag.de\/wp\/index.php?rest_route=\/wp\/v2\/pages\/172"}],"collection":[{"href":"https:\/\/www.vom-raeuberschlag.de\/wp\/index.php?rest_route=\/wp\/v2\/pages"}],"about":[{"href":"https:\/\/www.vom-raeuberschlag.de\/wp\/index.php?rest_route=\/wp\/v2\/types\/page"}],"author":[{"embeddable":true,"href":"https:\/\/www.vom-raeuberschlag.de\/wp\/index.php?rest_route=\/wp\/v2\/users\/2"}],"replies":[{"embeddable":true,"href":"https:\/\/www.vom-raeuberschlag.de\/wp\/index.php?rest_route=%2Fwp%2Fv2%2Fcomments&post=172"}],"version-history":[{"count":10,"href":"https:\/\/www.vom-raeuberschlag.de\/wp\/index.php?rest_route=\/wp\/v2\/pages\/172\/revisions"}],"predecessor-version":[{"id":1033,"href":"https:\/\/www.vom-raeuberschlag.de\/wp\/index.php?rest_route=\/wp\/v2\/pages\/172\/revisions\/1033"}],"up":[{"embeddable":true,"href":"https:\/\/www.vom-raeuberschlag.de\/wp\/index.php?rest_route=\/wp\/v2\/pages\/665"}],"wp:attachment":[{"href":"https:\/\/www.vom-raeuberschlag.de\/wp\/index.php?rest_route=%2Fwp%2Fv2%2Fmedia&parent=172"}],"curies":[{"name":"wp","href":"https:\/\/api.w.org\/{rel}","templated":true}]}}