{"id":1600,"date":"2016-12-24T12:59:36","date_gmt":"2016-12-24T11:59:36","guid":{"rendered":"http:\/\/www.vom-raeuberschlag.de\/wp\/?page_id=1600"},"modified":"2024-07-17T14:44:14","modified_gmt":"2024-07-17T12:44:14","slug":"x-lee-vom-raeuberschlag","status":"publish","type":"page","link":"https:\/\/www.vom-raeuberschlag.de\/wp\/?page_id=1600","title":{"rendered":"X-Lee vom R\u00e4uberschlag"},"content":{"rendered":"\n\t\t<style type=\"text\/css\">\n\t\t\t#gallery-1 {\n\t\t\t\tmargin: auto;\n\t\t\t}\n\t\t\t#gallery-1 .gallery-item {\n\t\t\t\tfloat: left;\n\t\t\t\tmargin-top: 10px;\n\t\t\t\ttext-align: center;\n\t\t\t\twidth: 20%;\n\t\t\t}\n\t\t\t#gallery-1 img {\n\t\t\t\tborder: 2px solid #cfcfcf;\n\t\t\t}\n\t\t\t#gallery-1 .gallery-caption {\n\t\t\t\tmargin-left: 0;\n\t\t\t}\n\t\t\t\/* see gallery_shortcode() in wp-includes\/media.php *\/\n\t\t<\/style>\n\t\t<div id='gallery-1' class='gallery galleryid-1600 gallery-columns-5 gallery-size-thumbnail'><dl class='gallery-item'>\n\t\t\t<dt class='gallery-icon landscape'>\n\t\t\t\t<a href='https:\/\/www.vom-raeuberschlag.de\/wp\/wp-content\/uploads\/2016\/12\/lee1.jpg' rel=\"lightbox[gallery-0]\"><img width=\"150\" height=\"150\" src=\"https:\/\/www.vom-raeuberschlag.de\/wp\/wp-content\/uploads\/2016\/12\/lee1-150x150.jpg\" class=\"attachment-thumbnail size-thumbnail\" alt=\"\" decoding=\"async\" loading=\"lazy\" \/><\/a>\n\t\t\t<\/dt><\/dl><dl class='gallery-item'>\n\t\t\t<dt class='gallery-icon portrait'>\n\t\t\t\t<a href='https:\/\/www.vom-raeuberschlag.de\/wp\/wp-content\/uploads\/2016\/12\/lee7.jpg' rel=\"lightbox[gallery-0]\"><img width=\"150\" height=\"150\" src=\"https:\/\/www.vom-raeuberschlag.de\/wp\/wp-content\/uploads\/2016\/12\/lee7-150x150.jpg\" class=\"attachment-thumbnail size-thumbnail\" alt=\"\" decoding=\"async\" loading=\"lazy\" \/><\/a>\n\t\t\t<\/dt><\/dl><dl class='gallery-item'>\n\t\t\t<dt class='gallery-icon landscape'>\n\t\t\t\t<a href='https:\/\/www.vom-raeuberschlag.de\/wp\/wp-content\/uploads\/2016\/12\/lee6.jpg' rel=\"lightbox[gallery-0]\"><img width=\"150\" height=\"150\" src=\"https:\/\/www.vom-raeuberschlag.de\/wp\/wp-content\/uploads\/2016\/12\/lee6-150x150.jpg\" class=\"attachment-thumbnail size-thumbnail\" alt=\"\" decoding=\"async\" loading=\"lazy\" \/><\/a>\n\t\t\t<\/dt><\/dl><dl class='gallery-item'>\n\t\t\t<dt class='gallery-icon portrait'>\n\t\t\t\t<a href='https:\/\/www.vom-raeuberschlag.de\/wp\/wp-content\/uploads\/2016\/12\/lee4.jpg' rel=\"lightbox[gallery-0]\"><img width=\"150\" height=\"150\" src=\"https:\/\/www.vom-raeuberschlag.de\/wp\/wp-content\/uploads\/2016\/12\/lee4-150x150.jpg\" class=\"attachment-thumbnail size-thumbnail\" alt=\"\" decoding=\"async\" loading=\"lazy\" \/><\/a>\n\t\t\t<\/dt><\/dl><dl class='gallery-item'>\n\t\t\t<dt class='gallery-icon portrait'>\n\t\t\t\t<a href='https:\/\/www.vom-raeuberschlag.de\/wp\/wp-content\/uploads\/2016\/12\/lee3.jpg' rel=\"lightbox[gallery-0]\"><img width=\"150\" height=\"150\" src=\"https:\/\/www.vom-raeuberschlag.de\/wp\/wp-content\/uploads\/2016\/12\/lee3-150x150.jpg\" class=\"attachment-thumbnail size-thumbnail\" alt=\"\" decoding=\"async\" loading=\"lazy\" \/><\/a>\n\t\t\t<\/dt><\/dl><br style=\"clear: both\" \/><dl class='gallery-item'>\n\t\t\t<dt class='gallery-icon portrait'>\n\t\t\t\t<a href='https:\/\/www.vom-raeuberschlag.de\/wp\/wp-content\/uploads\/2016\/12\/lee8.jpg' rel=\"lightbox[gallery-0]\"><img width=\"150\" height=\"150\" src=\"https:\/\/www.vom-raeuberschlag.de\/wp\/wp-content\/uploads\/2016\/12\/lee8-150x150.jpg\" class=\"attachment-thumbnail size-thumbnail\" alt=\"\" decoding=\"async\" loading=\"lazy\" \/><\/a>\n\t\t\t<\/dt><\/dl><dl class='gallery-item'>\n\t\t\t<dt class='gallery-icon portrait'>\n\t\t\t\t<a href='https:\/\/www.vom-raeuberschlag.de\/wp\/wp-content\/uploads\/2016\/12\/lee-kopf.jpg' rel=\"lightbox[gallery-0]\"><img width=\"150\" height=\"150\" src=\"https:\/\/www.vom-raeuberschlag.de\/wp\/wp-content\/uploads\/2016\/12\/lee-kopf-150x150.jpg\" class=\"attachment-thumbnail size-thumbnail\" alt=\"\" decoding=\"async\" loading=\"lazy\" srcset=\"https:\/\/www.vom-raeuberschlag.de\/wp\/wp-content\/uploads\/2016\/12\/lee-kopf-150x150.jpg 150w, https:\/\/www.vom-raeuberschlag.de\/wp\/wp-content\/uploads\/2016\/12\/lee-kopf-298x300.jpg 298w, https:\/\/www.vom-raeuberschlag.de\/wp\/wp-content\/uploads\/2016\/12\/lee-kopf.jpg 336w\" sizes=\"(max-width: 150px) 100vw, 150px\" \/><\/a>\n\t\t\t<\/dt><\/dl><dl class='gallery-item'>\n\t\t\t<dt class='gallery-icon landscape'>\n\t\t\t\t<a href='https:\/\/www.vom-raeuberschlag.de\/wp\/wp-content\/uploads\/2016\/12\/bp-zeil-am-main-2017_n.jpg' rel=\"lightbox[gallery-0]\"><img width=\"150\" height=\"150\" src=\"https:\/\/www.vom-raeuberschlag.de\/wp\/wp-content\/uploads\/2016\/12\/bp-zeil-am-main-2017_n-150x150.jpg\" class=\"attachment-thumbnail size-thumbnail\" alt=\"\" decoding=\"async\" loading=\"lazy\" aria-describedby=\"gallery-1-2020\" \/><\/a>\n\t\t\t<\/dt>\n\t\t\t\t<dd class='wp-caption-text gallery-caption' id='gallery-1-2020'>\n\t\t\t\tBaupr\u00fcfung Zeil am Main\n\t\t\t\t<\/dd><\/dl><dl class='gallery-item'>\n\t\t\t<dt class='gallery-icon portrait'>\n\t\t\t\t<a href='https:\/\/www.vom-raeuberschlag.de\/wp\/wp-content\/uploads\/2016\/12\/BP-Lee.jpg' rel=\"lightbox[gallery-0]\"><img width=\"150\" height=\"150\" src=\"https:\/\/www.vom-raeuberschlag.de\/wp\/wp-content\/uploads\/2016\/12\/BP-Lee-150x150.jpg\" class=\"attachment-thumbnail size-thumbnail\" alt=\"\" decoding=\"async\" loading=\"lazy\" aria-describedby=\"gallery-1-2008\" \/><\/a>\n\t\t\t<\/dt>\n\t\t\t\t<dd class='wp-caption-text gallery-caption' id='gallery-1-2008'>\n\t\t\t\tZensurenblatt Baupr\u00fcfung\n\t\t\t\t<\/dd><\/dl><dl class='gallery-item'>\n\t\t\t<dt class='gallery-icon landscape'>\n\t\t\t\t<a href='https:\/\/www.vom-raeuberschlag.de\/wp\/wp-content\/uploads\/2016\/12\/JP-Regensburg-2017.jpg' rel=\"lightbox[gallery-0]\"><img width=\"150\" height=\"150\" src=\"https:\/\/www.vom-raeuberschlag.de\/wp\/wp-content\/uploads\/2016\/12\/JP-Regensburg-2017-150x150.jpg\" class=\"attachment-thumbnail size-thumbnail\" alt=\"\" decoding=\"async\" loading=\"lazy\" aria-describedby=\"gallery-1-2019\" \/><\/a>\n\t\t\t<\/dt>\n\t\t\t\t<dd class='wp-caption-text gallery-caption' id='gallery-1-2019'>\n\t\t\t\tJunghundpr\u00fcfung Regensburg\n\t\t\t\t<\/dd><\/dl><br style=\"clear: both\" \/><dl class='gallery-item'>\n\t\t\t<dt class='gallery-icon portrait'>\n\t\t\t\t<a href='https:\/\/www.vom-raeuberschlag.de\/wp\/wp-content\/uploads\/2016\/12\/JP-Lee.jpg' rel=\"lightbox[gallery-0]\"><img width=\"150\" height=\"150\" src=\"https:\/\/www.vom-raeuberschlag.de\/wp\/wp-content\/uploads\/2016\/12\/JP-Lee-150x150.jpg\" class=\"attachment-thumbnail size-thumbnail\" alt=\"\" decoding=\"async\" loading=\"lazy\" aria-describedby=\"gallery-1-2009\" \/><\/a>\n\t\t\t<\/dt>\n\t\t\t\t<dd class='wp-caption-text gallery-caption' id='gallery-1-2009'>\n\t\t\t\tZensurenblatt Junghundpr\u00fcfung\n\t\t\t\t<\/dd><\/dl><dl class='gallery-item'>\n\t\t\t<dt class='gallery-icon landscape'>\n\t\t\t\t<a href='https:\/\/www.vom-raeuberschlag.de\/wp\/wp-content\/uploads\/2016\/12\/WT-Coburg-2017.jpg' rel=\"lightbox[gallery-0]\"><img width=\"150\" height=\"150\" src=\"https:\/\/www.vom-raeuberschlag.de\/wp\/wp-content\/uploads\/2016\/12\/WT-Coburg-2017-150x150.jpg\" class=\"attachment-thumbnail size-thumbnail\" alt=\"\" decoding=\"async\" loading=\"lazy\" aria-describedby=\"gallery-1-2022\" \/><\/a>\n\t\t\t<\/dt>\n\t\t\t\t<dd class='wp-caption-text gallery-caption' id='gallery-1-2022'>\n\t\t\t\tWesenstest Coburg\n\t\t\t\t<\/dd><\/dl><dl class='gallery-item'>\n\t\t\t<dt class='gallery-icon landscape'>\n\t\t\t\t<a href='https:\/\/www.vom-raeuberschlag.de\/wp\/wp-content\/uploads\/2016\/12\/W\u00dcT-Lee-07_2017-1.jpg' rel=\"lightbox[gallery-0]\"><img width=\"150\" height=\"150\" src=\"https:\/\/www.vom-raeuberschlag.de\/wp\/wp-content\/uploads\/2016\/12\/W\u00dcT-Lee-07_2017-1-150x150.jpg\" class=\"attachment-thumbnail size-thumbnail\" alt=\"\" decoding=\"async\" loading=\"lazy\" aria-describedby=\"gallery-1-2078\" \/><\/a>\n\t\t\t<\/dt>\n\t\t\t\t<dd class='wp-caption-text gallery-caption' id='gallery-1-2078'>\n\t\t\t\tAuch unsere X-Lee\n\t\t\t\t<\/dd><\/dl><dl class='gallery-item'>\n\t\t\t<dt class='gallery-icon landscape'>\n\t\t\t\t<a href='https:\/\/www.vom-raeuberschlag.de\/wp\/wp-content\/uploads\/2016\/12\/W\u00dcT-Lee-07_2017-2.jpg' rel=\"lightbox[gallery-0]\"><img width=\"150\" height=\"150\" src=\"https:\/\/www.vom-raeuberschlag.de\/wp\/wp-content\/uploads\/2016\/12\/W\u00dcT-Lee-07_2017-2-150x150.jpg\" class=\"attachment-thumbnail size-thumbnail\" alt=\"\" decoding=\"async\" loading=\"lazy\" aria-describedby=\"gallery-1-2079\" \/><\/a>\n\t\t\t<\/dt>\n\t\t\t\t<dd class='wp-caption-text gallery-caption' id='gallery-1-2079'>\n\t\t\t\ttrainiert mit und\n\t\t\t\t<\/dd><\/dl><dl class='gallery-item'>\n\t\t\t<dt class='gallery-icon landscape'>\n\t\t\t\t<a href='https:\/\/www.vom-raeuberschlag.de\/wp\/wp-content\/uploads\/2016\/12\/W\u00dcT-Lee-07_2017-3.jpg' rel=\"lightbox[gallery-0]\"><img width=\"150\" height=\"150\" src=\"https:\/\/www.vom-raeuberschlag.de\/wp\/wp-content\/uploads\/2016\/12\/W\u00dcT-Lee-07_2017-3-150x150.jpg\" class=\"attachment-thumbnail size-thumbnail\" alt=\"\" decoding=\"async\" loading=\"lazy\" aria-describedby=\"gallery-1-2080\" \/><\/a>\n\t\t\t<\/dt>\n\t\t\t\t<dd class='wp-caption-text gallery-caption' id='gallery-1-2080'>\n\t\t\t\tsie machte es fast\n\t\t\t\t<\/dd><\/dl><br style=\"clear: both\" \/><dl class='gallery-item'>\n\t\t\t<dt class='gallery-icon landscape'>\n\t\t\t\t<a href='https:\/\/www.vom-raeuberschlag.de\/wp\/wp-content\/uploads\/2016\/12\/W\u00dcT-Lee-07_2017-4.jpg' rel=\"lightbox[gallery-0]\"><img width=\"150\" height=\"150\" src=\"https:\/\/www.vom-raeuberschlag.de\/wp\/wp-content\/uploads\/2016\/12\/W\u00dcT-Lee-07_2017-4-150x150.jpg\" class=\"attachment-thumbnail size-thumbnail\" alt=\"\" decoding=\"async\" loading=\"lazy\" aria-describedby=\"gallery-1-2081\" \/><\/a>\n\t\t\t<\/dt>\n\t\t\t\t<dd class='wp-caption-text gallery-caption' id='gallery-1-2081'>\n\t\t\t\tschon perfekt\n\t\t\t\t<\/dd><\/dl>\n\t\t\t<br style='clear: both' \/>\n\t\t<\/div>\n\n<p>X-Lee ist ein Tochter aus unserer Pomona Sprout und ein Abklatsch ihrer Mutter nur in wei\u00df-braun. Sie war eigentlich nicht geplant, denn wir wollten urspr\u00fcnglich eine H\u00fcndin aus Fiona&#8217;s letzten Wurf behalten. Da im letzten Wurf von Fiona leider nichts wei\u00df-braunes dabei war, behielten wir die kleine wei\u00df-braune Lee. Und wir sind froh so entschieden zu haben.<\/p>\n<p>Die ersten Jagden hat sie bereits mit gerade einmal 6 Monaten absolviert und sie zeigt, dass sie ein Jagdhund mit sehr viel Passion ist. Mit 8 Monaten konnte ihr der Saujager und Lautjager best\u00e4tigt werden.<\/p>\n<p>Folgende\u00a0Pr\u00fcfungen haben wir inzwischen\u00a0mit Erfolg ablegen k\u00f6nnen:<br \/>\nWesenstest\u00a0\u00a0\u00a0\u00a0\u00a0\u00a0\u00a0\u00a0\u00a0\u00a0\u00a0\u00a0\u00a0 bestanden<br \/>\nBaupr\u00fcfung\u00a0\u00a0\u00a0\u00a0\u00a0\u00a0\u00a0\u00a0\u00a0\u00a0\u00a0 \u00a0I. Preis\u00a0 \u00a0100 Punkte<br \/>\nJunghundpr\u00fcfung\u00a0\u00a0\u00a0 I. Preis\u00a0\u00a0 100 Punkte \u00a0sichtlaut<br \/>\nF\u00e4hrtenlaut (festgestellt im Zuge einer Pr\u00fcfung durch 3 Verbandsrichter)<br \/>\nInternationale Baupr\u00fcfung Slowakei (2mal CACIT)<\/p>\n<p style=\"text-align: center;\">Naturleistungszeichen:<br \/>\nLautjager<br \/>\nSaujager<br \/>\nSaujager Gatter<br \/>\nH\u00e4rtenachweis<\/p>\n<p>Lee hat die Bedingungen f\u00fcr den Titel <strong>&#8222;Internationaler Arbeits-Champion (C.I.T)&#8220; <\/strong>erf\u00fcllt.<strong><br \/>\n<\/strong><\/p>\n<p style=\"text-align: center;\">Schulterh\u00f6he 34,5 cm<br \/>\nBrustumfang\u00a043 cm<br \/>\nvollzahniges Scherengebiss<br \/>\nFormwert: Vorz\u00fcglich<br \/>\nPL 0<br \/>\nPRA 0<br \/>\nLL 0<br \/>\nKatarakt 0<br \/>\nDNA-PLL: -\/- (clear)<br \/>\nDNA getestet<br \/>\nAudiometrie ohne Befund<br \/>\nSCA -\/- (clear durch Eltern)<br \/>\nLOA -\/- (clear durch Eltern)<br \/>\nDM -\/- (clear)<\/p>\n","protected":false},"excerpt":{"rendered":"<p>X-Lee ist ein Tochter aus unserer Pomona Sprout und ein Abklatsch ihrer Mutter nur in wei\u00df-braun. Sie war eigentlich nicht geplant, denn wir wollten urspr\u00fcnglich eine H\u00fcndin aus Fiona&#8217;s letzten Wurf behalten. Da im letzten Wurf von Fiona leider nichts <span class=\"excerpt-dots\">&hellip;<\/span> <a class=\"more-link\" href=\"https:\/\/www.vom-raeuberschlag.de\/wp\/?page_id=1600\"><span class=\"more-msg\">Weiterlesen &rarr;<\/span><\/a><\/p>\n","protected":false},"author":2,"featured_media":0,"parent":107,"menu_order":17,"comment_status":"closed","ping_status":"closed","template":"","meta":[],"_links":{"self":[{"href":"https:\/\/www.vom-raeuberschlag.de\/wp\/index.php?rest_route=\/wp\/v2\/pages\/1600"}],"collection":[{"href":"https:\/\/www.vom-raeuberschlag.de\/wp\/index.php?rest_route=\/wp\/v2\/pages"}],"about":[{"href":"https:\/\/www.vom-raeuberschlag.de\/wp\/index.php?rest_route=\/wp\/v2\/types\/page"}],"author":[{"embeddable":true,"href":"https:\/\/www.vom-raeuberschlag.de\/wp\/index.php?rest_route=\/wp\/v2\/users\/2"}],"replies":[{"embeddable":true,"href":"https:\/\/www.vom-raeuberschlag.de\/wp\/index.php?rest_route=%2Fwp%2Fv2%2Fcomments&post=1600"}],"version-history":[{"count":26,"href":"https:\/\/www.vom-raeuberschlag.de\/wp\/index.php?rest_route=\/wp\/v2\/pages\/1600\/revisions"}],"predecessor-version":[{"id":3278,"href":"https:\/\/www.vom-raeuberschlag.de\/wp\/index.php?rest_route=\/wp\/v2\/pages\/1600\/revisions\/3278"}],"up":[{"embeddable":true,"href":"https:\/\/www.vom-raeuberschlag.de\/wp\/index.php?rest_route=\/wp\/v2\/pages\/107"}],"wp:attachment":[{"href":"https:\/\/www.vom-raeuberschlag.de\/wp\/index.php?rest_route=%2Fwp%2Fv2%2Fmedia&parent=1600"}],"curies":[{"name":"wp","href":"https:\/\/api.w.org\/{rel}","templated":true}]}}