{"id":153,"date":"2015-02-23T09:18:16","date_gmt":"2015-02-23T08:18:16","guid":{"rendered":"http:\/\/www.vom-raeuberschlag.de\/wp\/?page_id=153"},"modified":"2021-09-09T07:29:12","modified_gmt":"2021-09-09T05:29:12","slug":"pomona-sprout-vom-raeuberschlag","status":"publish","type":"page","link":"https:\/\/www.vom-raeuberschlag.de\/wp\/?page_id=153","title":{"rendered":"Pomona Sprout vom R\u00e4uberschlag"},"content":{"rendered":"<p style=\"text-align: center;\"><a href=\"https:\/\/www.vom-raeuberschlag.de\/wp\/wp-content\/uploads\/2015\/02\/Ahnentafel-Pomona.jpg\" rel=\"lightbox-0\"><img decoding=\"async\" loading=\"lazy\" class=\"aligncenter wp-image-649 size-medium\" src=\"https:\/\/www.vom-raeuberschlag.de\/wp\/wp-content\/uploads\/2015\/02\/Ahnentafel-Pomona-650x451.jpg\" alt=\"Ahnentafel Pomona\" width=\"650\" height=\"451\" srcset=\"https:\/\/www.vom-raeuberschlag.de\/wp\/wp-content\/uploads\/2015\/02\/Ahnentafel-Pomona-650x451.jpg 650w, https:\/\/www.vom-raeuberschlag.de\/wp\/wp-content\/uploads\/2015\/02\/Ahnentafel-Pomona-432x300.jpg 432w, https:\/\/www.vom-raeuberschlag.de\/wp\/wp-content\/uploads\/2015\/02\/Ahnentafel-Pomona-105x73.jpg 105w, https:\/\/www.vom-raeuberschlag.de\/wp\/wp-content\/uploads\/2015\/02\/Ahnentafel-Pomona.jpg 838w\" sizes=\"(max-width: 650px) 100vw, 650px\" \/><\/a><\/p>\n\n\t\t<style type=\"text\/css\">\n\t\t\t#gallery-1 {\n\t\t\t\tmargin: auto;\n\t\t\t}\n\t\t\t#gallery-1 .gallery-item {\n\t\t\t\tfloat: left;\n\t\t\t\tmargin-top: 10px;\n\t\t\t\ttext-align: center;\n\t\t\t\twidth: 20%;\n\t\t\t}\n\t\t\t#gallery-1 img {\n\t\t\t\tborder: 2px solid #cfcfcf;\n\t\t\t}\n\t\t\t#gallery-1 .gallery-caption {\n\t\t\t\tmargin-left: 0;\n\t\t\t}\n\t\t\t\/* see gallery_shortcode() in wp-includes\/media.php *\/\n\t\t<\/style>\n\t\t<div id='gallery-1' class='gallery galleryid-153 gallery-columns-5 gallery-size-thumbnail'><dl class='gallery-item'>\n\t\t\t<dt class='gallery-icon landscape'>\n\t\t\t\t<a href='https:\/\/www.vom-raeuberschlag.de\/wp\/wp-content\/uploads\/2015\/02\/Mona-01.jpg' rel=\"lightbox[gallery-0]\"><img width=\"150\" height=\"150\" src=\"https:\/\/www.vom-raeuberschlag.de\/wp\/wp-content\/uploads\/2015\/02\/Mona-01-150x150.jpg\" class=\"attachment-thumbnail size-thumbnail\" alt=\"\" decoding=\"async\" loading=\"lazy\" \/><\/a>\n\t\t\t<\/dt><\/dl><dl class='gallery-item'>\n\t\t\t<dt class='gallery-icon landscape'>\n\t\t\t\t<a href='https:\/\/www.vom-raeuberschlag.de\/wp\/wp-content\/uploads\/2015\/02\/Mona-03.jpg' rel=\"lightbox[gallery-0]\"><img width=\"150\" height=\"150\" src=\"https:\/\/www.vom-raeuberschlag.de\/wp\/wp-content\/uploads\/2015\/02\/Mona-03-150x150.jpg\" class=\"attachment-thumbnail size-thumbnail\" alt=\"\" decoding=\"async\" loading=\"lazy\" aria-describedby=\"gallery-1-445\" \/><\/a>\n\t\t\t<\/dt>\n\t\t\t\t<dd class='wp-caption-text gallery-caption' id='gallery-1-445'>\n\t\t\t\tMona mit ca. 6 Wochen\n\t\t\t\t<\/dd><\/dl><dl class='gallery-item'>\n\t\t\t<dt class='gallery-icon landscape'>\n\t\t\t\t<a href='https:\/\/www.vom-raeuberschlag.de\/wp\/wp-content\/uploads\/2015\/02\/Mona-04.jpg' rel=\"lightbox[gallery-0]\"><img width=\"150\" height=\"150\" src=\"https:\/\/www.vom-raeuberschlag.de\/wp\/wp-content\/uploads\/2015\/02\/Mona-04-150x150.jpg\" class=\"attachment-thumbnail size-thumbnail\" alt=\"\" decoding=\"async\" loading=\"lazy\" aria-describedby=\"gallery-1-446\" \/><\/a>\n\t\t\t<\/dt>\n\t\t\t\t<dd class='wp-caption-text gallery-caption' id='gallery-1-446'>\n\t\t\t\tMona beim Wesenstest\n\t\t\t\t<\/dd><\/dl><dl class='gallery-item'>\n\t\t\t<dt class='gallery-icon landscape'>\n\t\t\t\t<a href='https:\/\/www.vom-raeuberschlag.de\/wp\/wp-content\/uploads\/2015\/02\/Mona-05.jpg' rel=\"lightbox[gallery-0]\"><img width=\"150\" height=\"150\" src=\"https:\/\/www.vom-raeuberschlag.de\/wp\/wp-content\/uploads\/2015\/02\/Mona-05-150x150.jpg\" class=\"attachment-thumbnail size-thumbnail\" alt=\"\" decoding=\"async\" loading=\"lazy\" aria-describedby=\"gallery-1-447\" \/><\/a>\n\t\t\t<\/dt>\n\t\t\t\t<dd class='wp-caption-text gallery-caption' id='gallery-1-447'>\n\t\t\t\tBeim Wassertraining\n\t\t\t\t<\/dd><\/dl><dl class='gallery-item'>\n\t\t\t<dt class='gallery-icon landscape'>\n\t\t\t\t<a href='https:\/\/www.vom-raeuberschlag.de\/wp\/wp-content\/uploads\/2015\/02\/Mona-06.jpg' rel=\"lightbox[gallery-0]\"><img width=\"150\" height=\"150\" src=\"https:\/\/www.vom-raeuberschlag.de\/wp\/wp-content\/uploads\/2015\/02\/Mona-06-150x150.jpg\" class=\"attachment-thumbnail size-thumbnail\" alt=\"\" decoding=\"async\" loading=\"lazy\" \/><\/a>\n\t\t\t<\/dt><\/dl><br style=\"clear: both\" \/><dl class='gallery-item'>\n\t\t\t<dt class='gallery-icon landscape'>\n\t\t\t\t<a href='https:\/\/www.vom-raeuberschlag.de\/wp\/wp-content\/uploads\/2015\/02\/Mona-07.jpg' rel=\"lightbox[gallery-0]\"><img width=\"150\" height=\"150\" src=\"https:\/\/www.vom-raeuberschlag.de\/wp\/wp-content\/uploads\/2015\/02\/Mona-07-150x150.jpg\" class=\"attachment-thumbnail size-thumbnail\" alt=\"\" decoding=\"async\" loading=\"lazy\" aria-describedby=\"gallery-1-449\" \/><\/a>\n\t\t\t<\/dt>\n\t\t\t\t<dd class='wp-caption-text gallery-caption' id='gallery-1-449'>\n\t\t\t\tMona bei der Zuchtschau\n\t\t\t\t<\/dd><\/dl><dl class='gallery-item'>\n\t\t\t<dt class='gallery-icon landscape'>\n\t\t\t\t<a href='https:\/\/www.vom-raeuberschlag.de\/wp\/wp-content\/uploads\/2015\/02\/Mona-08.jpg' rel=\"lightbox[gallery-0]\"><img width=\"150\" height=\"150\" src=\"https:\/\/www.vom-raeuberschlag.de\/wp\/wp-content\/uploads\/2015\/02\/Mona-08-150x150.jpg\" class=\"attachment-thumbnail size-thumbnail\" alt=\"\" decoding=\"async\" loading=\"lazy\" \/><\/a>\n\t\t\t<\/dt><\/dl><dl class='gallery-item'>\n\t\t\t<dt class='gallery-icon landscape'>\n\t\t\t\t<a href='https:\/\/www.vom-raeuberschlag.de\/wp\/wp-content\/uploads\/2015\/09\/International-BP-02.jpg' rel=\"lightbox[gallery-0]\"><img width=\"150\" height=\"150\" src=\"https:\/\/www.vom-raeuberschlag.de\/wp\/wp-content\/uploads\/2015\/09\/International-BP-02-150x150.jpg\" class=\"attachment-thumbnail size-thumbnail\" alt=\"\" decoding=\"async\" loading=\"lazy\" aria-describedby=\"gallery-1-1096\" \/><\/a>\n\t\t\t<\/dt>\n\t\t\t\t<dd class='wp-caption-text gallery-caption' id='gallery-1-1096'>\n\t\t\t\tStolze Siegerin !!!\n\t\t\t\t<\/dd><\/dl><dl class='gallery-item'>\n\t\t\t<dt class='gallery-icon landscape'>\n\t\t\t\t<a href='https:\/\/www.vom-raeuberschlag.de\/wp\/wp-content\/uploads\/2015\/10\/Mona-Dortmund-03.jpg' rel=\"lightbox[gallery-0]\"><img width=\"150\" height=\"150\" src=\"https:\/\/www.vom-raeuberschlag.de\/wp\/wp-content\/uploads\/2015\/10\/Mona-Dortmund-03-150x150.jpg\" class=\"attachment-thumbnail size-thumbnail\" alt=\"\" decoding=\"async\" loading=\"lazy\" aria-describedby=\"gallery-1-1134\" \/><\/a>\n\t\t\t<\/dt>\n\t\t\t\t<dd class='wp-caption-text gallery-caption' id='gallery-1-1134'>\n\t\t\t\tBundessieger-Ausstellung\n\t\t\t\t<\/dd><\/dl><dl class='gallery-item'>\n\t\t\t<dt class='gallery-icon landscape'>\n\t\t\t\t<a href='https:\/\/www.vom-raeuberschlag.de\/wp\/wp-content\/uploads\/2015\/10\/Mona-Dortmund-02.jpg' rel=\"lightbox[gallery-0]\"><img width=\"150\" height=\"150\" src=\"https:\/\/www.vom-raeuberschlag.de\/wp\/wp-content\/uploads\/2015\/10\/Mona-Dortmund-02-150x150.jpg\" class=\"attachment-thumbnail size-thumbnail\" alt=\"\" decoding=\"async\" loading=\"lazy\" aria-describedby=\"gallery-1-1133\" \/><\/a>\n\t\t\t<\/dt>\n\t\t\t\t<dd class='wp-caption-text gallery-caption' id='gallery-1-1133'>\n\t\t\t\tDortmund 2015\n\t\t\t\t<\/dd><\/dl><br style=\"clear: both\" \/><dl class='gallery-item'>\n\t\t\t<dt class='gallery-icon landscape'>\n\t\t\t\t<a href='https:\/\/www.vom-raeuberschlag.de\/wp\/wp-content\/uploads\/2015\/10\/Mona-Dortmund-01.jpg' rel=\"lightbox[gallery-0]\"><img width=\"150\" height=\"150\" src=\"https:\/\/www.vom-raeuberschlag.de\/wp\/wp-content\/uploads\/2015\/10\/Mona-Dortmund-01-150x150.jpg\" class=\"attachment-thumbnail size-thumbnail\" alt=\"\" decoding=\"async\" loading=\"lazy\" aria-describedby=\"gallery-1-1132\" \/><\/a>\n\t\t\t<\/dt>\n\t\t\t\t<dd class='wp-caption-text gallery-caption' id='gallery-1-1132'>\n\t\t\t\tDt. Ch. VDH\n\t\t\t\t<\/dd><\/dl><dl class='gallery-item'>\n\t\t\t<dt class='gallery-icon landscape'>\n\t\t\t\t<a href='https:\/\/www.vom-raeuberschlag.de\/wp\/wp-content\/uploads\/2015\/02\/W\u00dcT07_2017-2.jpg' rel=\"lightbox[gallery-0]\"><img width=\"150\" height=\"150\" src=\"https:\/\/www.vom-raeuberschlag.de\/wp\/wp-content\/uploads\/2015\/02\/W\u00dcT07_2017-2-150x150.jpg\" class=\"attachment-thumbnail size-thumbnail\" alt=\"\" decoding=\"async\" loading=\"lazy\" aria-describedby=\"gallery-1-2073\" \/><\/a>\n\t\t\t<\/dt>\n\t\t\t\t<dd class='wp-caption-text gallery-caption' id='gallery-1-2073'>\n\t\t\t\tPomona Sprout\n\t\t\t\t<\/dd><\/dl><dl class='gallery-item'>\n\t\t\t<dt class='gallery-icon landscape'>\n\t\t\t\t<a href='https:\/\/www.vom-raeuberschlag.de\/wp\/wp-content\/uploads\/2015\/02\/W\u00dcT07_2017-3.jpg' rel=\"lightbox[gallery-0]\"><img width=\"150\" height=\"150\" src=\"https:\/\/www.vom-raeuberschlag.de\/wp\/wp-content\/uploads\/2015\/02\/W\u00dcT07_2017-3-150x150.jpg\" class=\"attachment-thumbnail size-thumbnail\" alt=\"\" decoding=\"async\" loading=\"lazy\" aria-describedby=\"gallery-1-2074\" \/><\/a>\n\t\t\t<\/dt>\n\t\t\t\t<dd class='wp-caption-text gallery-caption' id='gallery-1-2074'>\n\t\t\t\tTraining\n\t\t\t\t<\/dd><\/dl><dl class='gallery-item'>\n\t\t\t<dt class='gallery-icon landscape'>\n\t\t\t\t<a href='https:\/\/www.vom-raeuberschlag.de\/wp\/wp-content\/uploads\/2015\/02\/W\u00dcT07_2017-5.jpg' rel=\"lightbox[gallery-0]\"><img width=\"150\" height=\"150\" src=\"https:\/\/www.vom-raeuberschlag.de\/wp\/wp-content\/uploads\/2015\/02\/W\u00dcT07_2017-5-150x150.jpg\" class=\"attachment-thumbnail size-thumbnail\" alt=\"\" decoding=\"async\" loading=\"lazy\" aria-describedby=\"gallery-1-2076\" \/><\/a>\n\t\t\t<\/dt>\n\t\t\t\t<dd class='wp-caption-text gallery-caption' id='gallery-1-2076'>\n\t\t\t\tZuchtpr\u00fcfung\n\t\t\t\t<\/dd><\/dl><dl class='gallery-item'>\n\t\t\t<dt class='gallery-icon landscape'>\n\t\t\t\t<a href='https:\/\/www.vom-raeuberschlag.de\/wp\/wp-content\/uploads\/2015\/02\/W\u00dcT07_2017-1.jpg' rel=\"lightbox[gallery-0]\"><img width=\"150\" height=\"150\" src=\"https:\/\/www.vom-raeuberschlag.de\/wp\/wp-content\/uploads\/2015\/02\/W\u00dcT07_2017-1-150x150.jpg\" class=\"attachment-thumbnail size-thumbnail\" alt=\"\" decoding=\"async\" loading=\"lazy\" aria-describedby=\"gallery-1-2072\" \/><\/a>\n\t\t\t<\/dt>\n\t\t\t\t<dd class='wp-caption-text gallery-caption' id='gallery-1-2072'>\n\t\t\t\tGutes M\u00e4dchen\n\t\t\t\t<\/dd><\/dl><br style=\"clear: both\" \/><dl class='gallery-item'>\n\t\t\t<dt class='gallery-icon landscape'>\n\t\t\t\t<a href='https:\/\/www.vom-raeuberschlag.de\/wp\/wp-content\/uploads\/2017\/09\/ZP_Mona01.jpg' rel=\"lightbox[gallery-0]\"><img width=\"150\" height=\"150\" src=\"https:\/\/www.vom-raeuberschlag.de\/wp\/wp-content\/uploads\/2017\/09\/ZP_Mona01-150x150.jpg\" class=\"attachment-thumbnail size-thumbnail\" alt=\"\" decoding=\"async\" loading=\"lazy\" aria-describedby=\"gallery-1-2129\" \/><\/a>\n\t\t\t<\/dt>\n\t\t\t\t<dd class='wp-caption-text gallery-caption' id='gallery-1-2129'>\n\t\t\t\tDie ZP kann beginnen.\n\t\t\t\t<\/dd><\/dl><dl class='gallery-item'>\n\t\t\t<dt class='gallery-icon landscape'>\n\t\t\t\t<a href='https:\/\/www.vom-raeuberschlag.de\/wp\/wp-content\/uploads\/2017\/09\/ZP_Mona02.jpg' rel=\"lightbox[gallery-0]\"><img width=\"150\" height=\"150\" src=\"https:\/\/www.vom-raeuberschlag.de\/wp\/wp-content\/uploads\/2017\/09\/ZP_Mona02-150x150.jpg\" class=\"attachment-thumbnail size-thumbnail\" alt=\"\" decoding=\"async\" loading=\"lazy\" aria-describedby=\"gallery-1-2130\" \/><\/a>\n\t\t\t<\/dt>\n\t\t\t\t<dd class='wp-caption-text gallery-caption' id='gallery-1-2130'>\n\t\t\t\tUnser zweites Fach nach\n\t\t\t\t<\/dd><\/dl><dl class='gallery-item'>\n\t\t\t<dt class='gallery-icon landscape'>\n\t\t\t\t<a href='https:\/\/www.vom-raeuberschlag.de\/wp\/wp-content\/uploads\/2017\/09\/ZP_Mona03.jpg' rel=\"lightbox[gallery-0]\"><img width=\"150\" height=\"150\" src=\"https:\/\/www.vom-raeuberschlag.de\/wp\/wp-content\/uploads\/2017\/09\/ZP_Mona03-150x150.jpg\" class=\"attachment-thumbnail size-thumbnail\" alt=\"\" decoding=\"async\" loading=\"lazy\" aria-describedby=\"gallery-1-2131\" \/><\/a>\n\t\t\t<\/dt>\n\t\t\t\t<dd class='wp-caption-text gallery-caption' id='gallery-1-2131'>\n\t\t\t\tder Schu\u00dffestigkeit\n\t\t\t\t<\/dd><\/dl><dl class='gallery-item'>\n\t\t\t<dt class='gallery-icon landscape'>\n\t\t\t\t<a href='https:\/\/www.vom-raeuberschlag.de\/wp\/wp-content\/uploads\/2017\/09\/ZP_Mona04.jpg' rel=\"lightbox[gallery-0]\"><img width=\"150\" height=\"150\" src=\"https:\/\/www.vom-raeuberschlag.de\/wp\/wp-content\/uploads\/2017\/09\/ZP_Mona04-150x150.jpg\" class=\"attachment-thumbnail size-thumbnail\" alt=\"\" decoding=\"async\" loading=\"lazy\" aria-describedby=\"gallery-1-2132\" \/><\/a>\n\t\t\t<\/dt>\n\t\t\t\t<dd class='wp-caption-text gallery-caption' id='gallery-1-2132'>\n\t\t\t\tdie Feldschleppe.\n\t\t\t\t<\/dd><\/dl><dl class='gallery-item'>\n\t\t\t<dt class='gallery-icon landscape'>\n\t\t\t\t<a href='https:\/\/www.vom-raeuberschlag.de\/wp\/wp-content\/uploads\/2017\/09\/ZP_Mona05.jpg' rel=\"lightbox[gallery-0]\"><img width=\"150\" height=\"150\" src=\"https:\/\/www.vom-raeuberschlag.de\/wp\/wp-content\/uploads\/2017\/09\/ZP_Mona05-150x150.jpg\" class=\"attachment-thumbnail size-thumbnail\" alt=\"\" decoding=\"async\" loading=\"lazy\" aria-describedby=\"gallery-1-2133\" \/><\/a>\n\t\t\t<\/dt>\n\t\t\t\t<dd class='wp-caption-text gallery-caption' id='gallery-1-2133'>\n\t\t\t\tBraves M\u00e4dchen\n\t\t\t\t<\/dd><\/dl><br style=\"clear: both\" \/><dl class='gallery-item'>\n\t\t\t<dt class='gallery-icon landscape'>\n\t\t\t\t<a href='https:\/\/www.vom-raeuberschlag.de\/wp\/wp-content\/uploads\/2017\/09\/ZP_Mona06.jpg' rel=\"lightbox[gallery-0]\"><img width=\"150\" height=\"150\" src=\"https:\/\/www.vom-raeuberschlag.de\/wp\/wp-content\/uploads\/2017\/09\/ZP_Mona06-150x150.jpg\" class=\"attachment-thumbnail size-thumbnail\" alt=\"\" decoding=\"async\" loading=\"lazy\" aria-describedby=\"gallery-1-2134\" \/><\/a>\n\t\t\t<\/dt>\n\t\t\t\t<dd class='wp-caption-text gallery-caption' id='gallery-1-2134'>\n\t\t\t\tSchu\u00dffestigkeit Wasser\n\t\t\t\t<\/dd><\/dl><dl class='gallery-item'>\n\t\t\t<dt class='gallery-icon landscape'>\n\t\t\t\t<a href='https:\/\/www.vom-raeuberschlag.de\/wp\/wp-content\/uploads\/2017\/09\/ZP_Mona07.jpg' rel=\"lightbox[gallery-0]\"><img width=\"150\" height=\"150\" src=\"https:\/\/www.vom-raeuberschlag.de\/wp\/wp-content\/uploads\/2017\/09\/ZP_Mona07-150x150.jpg\" class=\"attachment-thumbnail size-thumbnail\" alt=\"\" decoding=\"async\" loading=\"lazy\" aria-describedby=\"gallery-1-2135\" \/><\/a>\n\t\t\t<\/dt>\n\t\t\t\t<dd class='wp-caption-text gallery-caption' id='gallery-1-2135'>\n\t\t\t\tkomplett ohne Problem\n\t\t\t\t<\/dd><\/dl><dl class='gallery-item'>\n\t\t\t<dt class='gallery-icon landscape'>\n\t\t\t\t<a href='https:\/\/www.vom-raeuberschlag.de\/wp\/wp-content\/uploads\/2017\/09\/ZP_Mona08.jpg' rel=\"lightbox[gallery-0]\"><img width=\"150\" height=\"150\" src=\"https:\/\/www.vom-raeuberschlag.de\/wp\/wp-content\/uploads\/2017\/09\/ZP_Mona08-150x150.jpg\" class=\"attachment-thumbnail size-thumbnail\" alt=\"\" decoding=\"async\" loading=\"lazy\" aria-describedby=\"gallery-1-2136\" \/><\/a>\n\t\t\t<\/dt>\n\t\t\t\t<dd class='wp-caption-text gallery-caption' id='gallery-1-2136'>\n\t\t\t\tZP bestanden mit sil beim St\u00f6bern\n\t\t\t\t<\/dd><\/dl>\n\t\t\t<br style='clear: both' \/>\n\t\t<\/div>\n\n<p>Mona ist eine H\u00fcndin aus dem letzten Wurf unserer Alice und genauso wie Ihre Mutter spurlaut.<\/p>\n<p>Sie jagd selbst\u00e4ndig mit gro\u00dfer Ausdauer und Finderwillen, spur- und\/oder f\u00e4hrtenlaut ohne ihr Rudel.<\/p>\n<p>Mona bestand mit knapp 6 Monaten ohne Probleme den Wesenstest und war bereits zur<br \/>\nBaupr\u00fcfung\u00a0\u00a0\u00a0\u00a0\u00a0\u00a0\u00a0\u00a0\u00a0\u00a0\u00a0\u00a0\u00a0\u00a0\u00a0\u00a0\u00a0\u00a0\u00a0\u00a0\u00a0\u00a0\u00a0 100 Pkt.\u00a0\u00a0\u00a0\u00a0 I. Preis<br \/>\nJunghundpr\u00fcfung (spl)\u00a0\u00a0\u00a0\u00a0\u00a0\u00a0\u00a0\u00a0 98 Pkt.\u00a0 III. Preis<br \/>\nZuchtpr\u00fcfung (sil)\u00a0\u00a0\u00a0\u00a0\u00a0\u00a0\u00a0\u00a0\u00a0\u00a0\u00a0\u00a0\u00a0\u00a0\u00a0 82 Pkt.\u00a0 III. Preis<br \/>\nVerbandsschwei\u00dfpr\u00fcfung\u00a0\u00a0\u00a0 I.\/<br \/>\nInternationale Baupr\u00fcfung Polen (2mal CACT)<br \/>\nInternationale Baupr\u00fcfung Slowakei (2mal CACIT)<\/p>\n<p>Mona wurde durch die FCI der Titel<\/p>\n<p style=\"text-align: center;\"><strong>&#8222;Internationaler Arbeits-Champion (C.I.T)&#8220;<\/strong><\/p>\n<p>best\u00e4tigt und ist somit der 2. Parson Russell Terrier in Deutschland der nach Fiona vom R\u00e4uberschlag diesen Titel best\u00e4tigt bekommen hat.<\/p>\n<p style=\"text-align: center;\">Au\u00dferdem hat sich noch die Leistungszeichen<br \/>\nF\u00e4hrtenlaut<br \/>\nSaujager Gatter<br \/>\nErdhund Fuchs<br \/>\nH\u00e4rtenachweis<\/p>\n<p style=\"text-align: center;\">Mona war auch auf Ausstellungen und darf v\u00f6llig verdient den Titel<br \/>\nJugend Champion PRTCD<br \/>\nDeutscher Champion VDH<br \/>\nDeutscher Champion PRTCD<br \/>\nf\u00fchren.<\/p>\n<p style=\"text-align: center;\">Schulterh\u00f6he 34,5 cm<br \/>\nBrustumfang 39 cm<br \/>\nvollzahniges Scherengebiss<br \/>\nFormwert: Vorz\u00fcglich<br \/>\nPL 0<br \/>\nPRA 0<br \/>\nLL 0<br \/>\nKatarakt 0<br \/>\nDNA-PLL: -\/+ (carrier)<br \/>\nDNA getestet<br \/>\nAudiometrie ohne Befund<br \/>\nSCA -\/- (clear)<br \/>\nLOA -\/- (clear)<br \/>\nDM -\/- (clear)<\/p>\n","protected":false},"excerpt":{"rendered":"<p>Mona ist eine H\u00fcndin aus dem letzten Wurf unserer Alice und genauso wie Ihre Mutter spurlaut. Sie jagd selbst\u00e4ndig mit gro\u00dfer Ausdauer und Finderwillen, spur- und\/oder f\u00e4hrtenlaut ohne ihr Rudel. Mona bestand mit knapp 6 Monaten ohne Probleme den Wesenstest <span class=\"excerpt-dots\">&hellip;<\/span> <a class=\"more-link\" href=\"https:\/\/www.vom-raeuberschlag.de\/wp\/?page_id=153\"><span class=\"more-msg\">Weiterlesen &rarr;<\/span><\/a><\/p>\n","protected":false},"author":2,"featured_media":0,"parent":107,"menu_order":16,"comment_status":"closed","ping_status":"closed","template":"","meta":[],"_links":{"self":[{"href":"https:\/\/www.vom-raeuberschlag.de\/wp\/index.php?rest_route=\/wp\/v2\/pages\/153"}],"collection":[{"href":"https:\/\/www.vom-raeuberschlag.de\/wp\/index.php?rest_route=\/wp\/v2\/pages"}],"about":[{"href":"https:\/\/www.vom-raeuberschlag.de\/wp\/index.php?rest_route=\/wp\/v2\/types\/page"}],"author":[{"embeddable":true,"href":"https:\/\/www.vom-raeuberschlag.de\/wp\/index.php?rest_route=\/wp\/v2\/users\/2"}],"replies":[{"embeddable":true,"href":"https:\/\/www.vom-raeuberschlag.de\/wp\/index.php?rest_route=%2Fwp%2Fv2%2Fcomments&post=153"}],"version-history":[{"count":25,"href":"https:\/\/www.vom-raeuberschlag.de\/wp\/index.php?rest_route=\/wp\/v2\/pages\/153\/revisions"}],"predecessor-version":[{"id":3277,"href":"https:\/\/www.vom-raeuberschlag.de\/wp\/index.php?rest_route=\/wp\/v2\/pages\/153\/revisions\/3277"}],"up":[{"embeddable":true,"href":"https:\/\/www.vom-raeuberschlag.de\/wp\/index.php?rest_route=\/wp\/v2\/pages\/107"}],"wp:attachment":[{"href":"https:\/\/www.vom-raeuberschlag.de\/wp\/index.php?rest_route=%2Fwp%2Fv2%2Fmedia&parent=153"}],"curies":[{"name":"wp","href":"https:\/\/api.w.org\/{rel}","templated":true}]}}